{"id":6354,"date":"2012-03-18T10:57:33","date_gmt":"2012-03-18T09:57:33","guid":{"rendered":"http:\/\/anscharius.wordpress.com\/?page_id=6354"},"modified":"2012-03-18T10:57:33","modified_gmt":"2012-03-18T09:57:33","slug":"nikon-f2","status":"publish","type":"page","link":"https:\/\/www.nikonhumors.com\/?page_id=6354","title":{"rendered":"Nikon F2"},"content":{"rendered":"<span class=\"embed-youtube\" style=\"text-align:center; display: block;\"><iframe loading=\"lazy\" class=\"youtube-player\" width=\"950\" height=\"535\" src=\"https:\/\/www.youtube.com\/embed\/xLKRjU8DsoQ?version=3&#038;rel=1&#038;showsearch=0&#038;showinfo=1&#038;iv_load_policy=1&#038;fs=1&#038;hl=de-DE&#038;autohide=2&#038;wmode=transparent\" allowfullscreen=\"true\" style=\"border:0;\" sandbox=\"allow-scripts allow-same-origin allow-popups allow-presentation allow-popups-to-escape-sandbox\"><\/iframe><\/span>\n<p>&nbsp;<\/p>\n<p>Im Jahr 1971 wurde die \u00fcberaus erfolgreiche Nikon F2 von der F2 abgel\u00f6st. Die F2 wurde etwa 9 Jahre lang hergestellt und verkaufte sich wirklich gut. Ein Gro\u00dfteil der Fotos des Vietnamkrieges wurde mit Nikon-Kameras der Typen F und F2 fotografiert. Diese Kameras haben Fotografie-Geschichte geschrieben und sind neben der Leica M und der Hasselblad 500 vielleicht die wichtigsten Kameras die je gebaut wurden.<\/p>\n<p><a href=\"http:\/\/anscharius.files.wordpress.com\/2012\/03\/5210734.jpg\"><img loading=\"lazy\" decoding=\"async\" class=\"alignnone size-full wp-image-6355\" title=\"5210734\" src=\"http:\/\/anscharius.files.wordpress.com\/2012\/03\/5210734.jpg\" alt=\"Nikon F2\" width=\"590\" height=\"415\" \/><\/a><\/p>\n<p>Das Zubeh\u00f6rprogramm f\u00fcr die F2 war wirklich umfangreich. Es waren mehrere Motorantriebe lieferbar, es g\u00e4be diverse Wechselsucher, Mattscheiben und Blitzlichter. Mit dieser Kamera hat Nikon seinen Ruf als Hersteller professioneller Spiegelreflexkameras weltweit gefestigt und ausgebaut.<\/p>\n<p><a href=\"http:\/\/anscharius.files.wordpress.com\/2012\/03\/5262374.jpg\"><img loading=\"lazy\" decoding=\"async\" class=\"alignnone size-full wp-image-6356\" title=\"5262374\" src=\"http:\/\/anscharius.files.wordpress.com\/2012\/03\/5262374.jpg\" alt=\"Nikon F2 mit MD-2\" width=\"590\" height=\"610\" \/><\/a><\/p>\n<p>Die F2 war auch in Silber erh\u00e4ltlich. Belichtungszeiten die l\u00e4nger als eine Sekunde sein sollten konnten in Verbindung mit dem mechanischen Selbstausl\u00f6ser realisiert werden.<\/p>\n<p><a href=\"http:\/\/anscharius.files.wordpress.com\/2012\/03\/5487844.jpg\"><img loading=\"lazy\" decoding=\"async\" class=\"alignnone size-full wp-image-6358\" title=\"5487844\" src=\"http:\/\/anscharius.files.wordpress.com\/2012\/03\/5487844.jpg\" alt=\"Nikon F2 Silver\" width=\"590\" height=\"428\" \/><\/a><\/p>\n<p>Kauft man heute ein gut erhaltenes Modell so sind in der Regel die Lichtdichtungen in marodem Zustand. Soll die F2 ihr &#8222;Leben&#8220; nicht in einer Vitrine fristen, so k\u00f6nnen die Lichtdichtungen relativ einfach ausgetauscht werden.<\/p>\n<p><a href=\"http:\/\/anscharius.files.wordpress.com\/2012\/03\/54877821.jpg\"><img loading=\"lazy\" decoding=\"async\" class=\"alignnone size-full wp-image-6357\" title=\"5487782\" src=\"http:\/\/anscharius.files.wordpress.com\/2012\/03\/54877821.jpg\" alt=\"Nikon F2 - Lichtdichtungen erneuern\" width=\"590\" height=\"338\" \/><\/a><\/p>\n","protected":false},"excerpt":{"rendered":"<p>&nbsp; Im Jahr 1971 wurde die \u00fcberaus erfolgreiche Nikon F2 von der F2 abgel\u00f6st. Die F2 wurde etwa 9 Jahre lang hergestellt und verkaufte sich wirklich gut. Ein Gro\u00dfteil der Fotos des Vietnamkrieges wurde mit Nikon-Kameras der Typen F und F2 fotografiert. Diese Kameras haben Fotografie-Geschichte geschrieben und sind neben der Leica M und der [&hellip;]<\/p>\n","protected":false},"author":2,"featured_media":0,"parent":1828,"menu_order":11,"comment_status":"open","ping_status":"closed","template":"","meta":{"jetpack_post_was_ever_published":false,"footnotes":""},"class_list":["post-6354","page","type-page","status-publish","hentry"],"jetpack_shortlink":"https:\/\/wp.me\/P2px01-1Eu","jetpack_sharing_enabled":true,"_links":{"self":[{"href":"https:\/\/www.nikonhumors.com\/index.php?rest_route=\/wp\/v2\/pages\/6354","targetHints":{"allow":["GET"]}}],"collection":[{"href":"https:\/\/www.nikonhumors.com\/index.php?rest_route=\/wp\/v2\/pages"}],"about":[{"href":"https:\/\/www.nikonhumors.com\/index.php?rest_route=\/wp\/v2\/types\/page"}],"author":[{"embeddable":true,"href":"https:\/\/www.nikonhumors.com\/index.php?rest_route=\/wp\/v2\/users\/2"}],"replies":[{"embeddable":true,"href":"https:\/\/www.nikonhumors.com\/index.php?rest_route=%2Fwp%2Fv2%2Fcomments&post=6354"}],"version-history":[{"count":0,"href":"https:\/\/www.nikonhumors.com\/index.php?rest_route=\/wp\/v2\/pages\/6354\/revisions"}],"up":[{"embeddable":true,"href":"https:\/\/www.nikonhumors.com\/index.php?rest_route=\/wp\/v2\/pages\/1828"}],"wp:attachment":[{"href":"https:\/\/www.nikonhumors.com\/index.php?rest_route=%2Fwp%2Fv2%2Fmedia&parent=6354"}],"curies":[{"name":"wp","href":"https:\/\/api.w.org\/{rel}","templated":true}]}}