{"id":6265,"date":"2012-03-01T11:11:23","date_gmt":"2012-03-01T10:11:23","guid":{"rendered":"http:\/\/anscharius.wordpress.com\/?page_id=6265"},"modified":"2012-03-01T11:11:23","modified_gmt":"2012-03-01T10:11:23","slug":"nikon-fg","status":"publish","type":"page","link":"https:\/\/www.nikonhumors.com\/?page_id=6265","title":{"rendered":"Nikon FG"},"content":{"rendered":"<p><a href=\"http:\/\/anscharius.files.wordpress.com\/2012\/03\/d70_0783.jpg\"><img loading=\"lazy\" decoding=\"async\" class=\"alignnone size-full wp-image-6266\" title=\"D70_0783\" src=\"http:\/\/anscharius.files.wordpress.com\/2012\/03\/d70_0783.jpg\" alt=\"Nikon FG\" width=\"590\" height=\"391\" \/><\/a><\/p>\n<p>Die Nikon FG wurde von 1982 bis 1986 gebaut und ist somit eine kleine einfachere Schwester der Nikon FA. Das System zur Belichtungsmessung ist sehr viel einfacher als bei der FA aber dennoch bietet diese Kamera, dank der Steuerung durch einen Mikroprozesser,\u00a0bereits eine Zeit und Programmautomatik.<\/p>\n<p>Von vielen Fotografen relativ ungeliebt hat die FG dennoch einige wirklich sinnvolle Features aufzuweisen. So wird \u00fcber den vollmechanischen Selbstausl\u00f6ser automatisch eine Spiegelvorausl\u00f6sung aktiviert. Die R\u00fcckwand ist austauschbar und das Aperture-Indexing-System (AiS) erlaubt die zuverl\u00e4ssige Steuerung von Zeit und Blende.<\/p>\n<p>Mit dem MD-14 oder MD-E Motor liegt auch die kleine FG satt in der Hand und ist wirklich gut ausbalanciert. Das Sucherbild \u00a0ist gro\u00df und hell, die Belichtungszeit wird \u00fcber rote Leuchtdioden am rechten Bildrand angezeigt. Alles in allem eine sch\u00f6ne Bereicherung f\u00fcr jede Kamerasammlung f\u00fcr die man auf dem Gebrauchtmarkt kaum mehr als 50 Euro bezahlen wird. (Ohne das hier gezeigte Objektiv nat\u00fcrlich!)<\/p>\n","protected":false},"excerpt":{"rendered":"<p>Die Nikon FG wurde von 1982 bis 1986 gebaut und ist somit eine kleine einfachere Schwester der Nikon FA. Das System zur Belichtungsmessung ist sehr viel einfacher als bei der FA aber dennoch bietet diese Kamera, dank der Steuerung durch einen Mikroprozesser,\u00a0bereits eine Zeit und Programmautomatik. Von vielen Fotografen relativ ungeliebt hat die FG dennoch [&hellip;]<\/p>\n","protected":false},"author":2,"featured_media":0,"parent":1828,"menu_order":18,"comment_status":"open","ping_status":"closed","template":"","meta":{"jetpack_post_was_ever_published":false,"footnotes":""},"class_list":["post-6265","page","type-page","status-publish","hentry"],"jetpack_shortlink":"https:\/\/wp.me\/P2px01-1D3","jetpack_sharing_enabled":true,"_links":{"self":[{"href":"https:\/\/www.nikonhumors.com\/index.php?rest_route=\/wp\/v2\/pages\/6265","targetHints":{"allow":["GET"]}}],"collection":[{"href":"https:\/\/www.nikonhumors.com\/index.php?rest_route=\/wp\/v2\/pages"}],"about":[{"href":"https:\/\/www.nikonhumors.com\/index.php?rest_route=\/wp\/v2\/types\/page"}],"author":[{"embeddable":true,"href":"https:\/\/www.nikonhumors.com\/index.php?rest_route=\/wp\/v2\/users\/2"}],"replies":[{"embeddable":true,"href":"https:\/\/www.nikonhumors.com\/index.php?rest_route=%2Fwp%2Fv2%2Fcomments&post=6265"}],"version-history":[{"count":0,"href":"https:\/\/www.nikonhumors.com\/index.php?rest_route=\/wp\/v2\/pages\/6265\/revisions"}],"up":[{"embeddable":true,"href":"https:\/\/www.nikonhumors.com\/index.php?rest_route=\/wp\/v2\/pages\/1828"}],"wp:attachment":[{"href":"https:\/\/www.nikonhumors.com\/index.php?rest_route=%2Fwp%2Fv2%2Fmedia&parent=6265"}],"curies":[{"name":"wp","href":"https:\/\/api.w.org\/{rel}","templated":true}]}}