{"id":6262,"date":"2012-03-01T11:00:37","date_gmt":"2012-03-01T10:00:37","guid":{"rendered":"http:\/\/anscharius.wordpress.com\/?page_id=6262"},"modified":"2012-03-01T11:00:37","modified_gmt":"2012-03-01T10:00:37","slug":"nikon-fa","status":"publish","type":"page","link":"https:\/\/www.nikonhumors.com\/?page_id=6262","title":{"rendered":"Nikon FA"},"content":{"rendered":"<p><img loading=\"lazy\" decoding=\"async\" class=\"alignnone size-full wp-image-6263\" title=\"D70_0782\" src=\"http:\/\/anscharius.files.wordpress.com\/2012\/03\/d70_0782.jpg\" alt=\"Nikon FA\" width=\"590\" height=\"391\" \/><\/p>\n<p>Die Nikon FA ist ein wegweisender Meilenstein des Nikon Systems\u00a0. Sie wurde von 1983 bis 1988 gebaut und verf\u00fcgte kurz nach der Einf\u00fchrung der Nikon F3 \u00fcber die erste Version der wegweisenden neuen Matrix-Belichtungsmessung. Dieses Verfahren der Matrix-Belichtungsmessung wurde bis heute immer weiter verfeinert. Aus anf\u00e4nglich nur wenigen Me\u00dffeldern ist inzwischen ein komplexes System mit 91.000 Me\u00dfpunkten geworden das im Hintergrund auf eine gewaltige Motivdatenbank zur\u00fcckgreift.<\/p>\n<p><strong>Hier ein Auszug aus der Wikipedia<\/strong><\/p>\n<p>Mit der Nikon FA brachte Nikon als weltweit erster Hersteller eine Kamera mit Matrix-Belichtungsmessung auf den Markt. Es war auch Nikons erste Kamera mit eingebauter Blendenautomatik. Eine weitere, neu eingef\u00fchrte Technik war die interne digitale Verarbeitung der Messdaten. Bereits 1981 war eine neue Objektivreihe von Nikon eingef\u00fchrt worden, die AI-S-(&#8222;Automatic Indexing Shutter&#8220;)-Nikkore, die der Nikon FA eine zuverl\u00e4ssige Ansteuerung der automatisch eingestellten Blende und die brennweitenabh\u00e4ngige Wahl der Programmautomatik erm\u00f6glicht.<\/p>\n<p>Die Nikon FA wurde in schwarz und chrom angeboten, 1984 erschien eine vergoldete Sonderauflage.<\/p>\n<p>Trotz der f\u00fcr die damalige Zeit un\u00fcbertroffenen technischen Neuerungen wurde die Kamera kein Verkaufserfolg. Einige der Gr\u00fcnde daf\u00fcr d\u00fcrften die anfangs zu geringen St\u00fcckzahlen sowie der relativ hohe Verkaufspreis von ca. 1300 DM gewesen sein.<\/p>\n<p>Die Nikon FA war gut in das damalige Nikon-Kamerasystem der Mittelklasse eingegliedert, zu dem auch die Nikon FE, Nikon FM, und sp\u00e4ter noch die Nikon FE2, Nikon FM2 und Nikon FM3A geh\u00f6rten. Motor, Einstellscheiben und R\u00fcckw\u00e4nde waren zumeist austauschbar.<\/p>\n<p>Im Verkaufsprospekt wurde die Nikon FA seinerzeit als &#8222;Technocamera&#8220; und &#8222;intelligenter Multi-Automat&#8220; vorgestellt. Grund daf\u00fcr waren vor allem die Matrix-Belichtungsmessung und die interne Datenverarbeitung mit einem Mikroprozessor.<\/p>\n<p>Bei der in der FA verwendeten AMP-(&#8222;Automatic Multi-Pattern&#8220;)-Belichtungsmessung erfolgt die Berechnung der richtigen Belichtung in mehreren Stufen. Zun\u00e4chst werden die Helligkeitswerte von f\u00fcnf Sektoren, in die das Sucherbild zerlegt wird, einzeln von analogen Messzellen erfasst. Sequentielle A\/D-Wandler bringen die analogen Werte in digitale Form. Vom Objektiv werden der Typ, die Lichtst\u00e4rke, Anzahl der Blendenstufen und die Brennweite eingelesen. Nach Ermittlung des Motivcharakters werden die Parameter mit zehntausenden von Referenzaufnahmen verglichen und die optimale Belichtung vom Mikroprozessor errechnet.<\/p>\n<p>Die Programmautomatik verwendet je nach Objektivbrennweite automatisch ein normales oder ein Kurzzeitprogramm. Selbst bei nicht eingestellter kleinster Blende versucht die Kamera eine richtige Belichtung zu erzielen, indem sie eine zur Blende passende Verschlusszeit w\u00e4hlt.<\/p>\n<p>Bei der Blendenautomatik stehen 13 feste Zeitstufen von 1 bis 1\/4000 s zur Wahl. Auch hier wird von der Kamera automatisch die Belichtungszeit zugunsten einer optimalen Belichtung korrigiert, wenn mit der vom Fotografen gew\u00e4hlten Verschlusszeit keine korrekte Belichtung m\u00f6glich ist.<\/p>\n<p>Als weitere Modi stehen Zeitautomatik und manuelle Steuerung der Belichtung zur Verf\u00fcgung.<\/p>\n<p>Im Sucher der FA informiert eine digitale Fl\u00fcssigkristallanzeige \u00fcber die gemessene Verschlusszeit. Nur bei der Blendenautomatik (S) wird hier der errechnete Blendenwert angezeigt. Weitere Sucheranzeigen sind die in den Betriebsarten A und M optisch eingespiegelte Arbeitsblende, in der Betriebsart S die Verschlusszeit in einem eigenen Sucherbereich, eine Leuchtdiode als Hinweis auf eine eingestellte Belichtungskorrektur und eine Blitzbereitschaftslampe.<\/p>\n<p>Selbst bei Versagen der Batterie, die das Messsystem mit Strom versorgt, ist ein Fotografieren mit einer mechanisch gebildeten Belichtungszeit von 1\/250 s m\u00f6glich.<\/p>\n","protected":false},"excerpt":{"rendered":"<p>Die Nikon FA ist ein wegweisender Meilenstein des Nikon Systems\u00a0. Sie wurde von 1983 bis 1988 gebaut und verf\u00fcgte kurz nach der Einf\u00fchrung der Nikon F3 \u00fcber die erste Version der wegweisenden neuen Matrix-Belichtungsmessung. Dieses Verfahren der Matrix-Belichtungsmessung wurde bis heute immer weiter verfeinert. Aus anf\u00e4nglich nur wenigen Me\u00dffeldern ist inzwischen ein komplexes System mit [&hellip;]<\/p>\n","protected":false},"author":2,"featured_media":0,"parent":1828,"menu_order":17,"comment_status":"open","ping_status":"closed","template":"","meta":{"jetpack_post_was_ever_published":false,"footnotes":""},"class_list":["post-6262","page","type-page","status-publish","hentry"],"jetpack_shortlink":"https:\/\/wp.me\/P2px01-1D0","jetpack_sharing_enabled":true,"_links":{"self":[{"href":"https:\/\/www.nikonhumors.com\/index.php?rest_route=\/wp\/v2\/pages\/6262","targetHints":{"allow":["GET"]}}],"collection":[{"href":"https:\/\/www.nikonhumors.com\/index.php?rest_route=\/wp\/v2\/pages"}],"about":[{"href":"https:\/\/www.nikonhumors.com\/index.php?rest_route=\/wp\/v2\/types\/page"}],"author":[{"embeddable":true,"href":"https:\/\/www.nikonhumors.com\/index.php?rest_route=\/wp\/v2\/users\/2"}],"replies":[{"embeddable":true,"href":"https:\/\/www.nikonhumors.com\/index.php?rest_route=%2Fwp%2Fv2%2Fcomments&post=6262"}],"version-history":[{"count":0,"href":"https:\/\/www.nikonhumors.com\/index.php?rest_route=\/wp\/v2\/pages\/6262\/revisions"}],"up":[{"embeddable":true,"href":"https:\/\/www.nikonhumors.com\/index.php?rest_route=\/wp\/v2\/pages\/1828"}],"wp:attachment":[{"href":"https:\/\/www.nikonhumors.com\/index.php?rest_route=%2Fwp%2Fv2%2Fmedia&parent=6262"}],"curies":[{"name":"wp","href":"https:\/\/api.w.org\/{rel}","templated":true}]}}