{"id":6170,"date":"2012-02-24T13:33:09","date_gmt":"2012-02-24T12:33:09","guid":{"rendered":"http:\/\/anscharius.wordpress.com\/?page_id=6170"},"modified":"2012-02-24T13:33:09","modified_gmt":"2012-02-24T12:33:09","slug":"hasselblad","status":"publish","type":"page","link":"https:\/\/www.nikonhumors.com\/?page_id=6170","title":{"rendered":"Hasselblad"},"content":{"rendered":"<p><a href=\"http:\/\/anscharius.files.wordpress.com\/2012\/02\/ansgar-hasselblad-500cw-2.jpg\"><img loading=\"lazy\" decoding=\"async\" class=\"alignnone size-full wp-image-6186\" title=\"Ansgar-Hasselblad-500CW (2)\" src=\"http:\/\/anscharius.files.wordpress.com\/2012\/02\/ansgar-hasselblad-500cw-2.jpg\" alt=\"\" width=\"590\" height=\"416\" \/><\/a><\/p>\n<p>&nbsp;<\/p>\n<p>Sie waren nicht nur auf dem Mond, sie wurden auch von den gr\u00f6\u00dften Fotografen der Geschichte benutzt. Das Hasselblad-System ist in seiner Stringenz und Kontinuit\u00e4t dem Nikon-System nicht un\u00e4hnlich. Kameras ohne Kompromisse mit Objektiven von Carl Zeiss &#8211; was f\u00fcr eine Kombination! Sobald ich mit der Vorstellung aller Nikon-Kameras durch bin, wird es mit dem Hasselblad-System weitergehen. Danach ist dann das System rund um die Mamiya RZ-67 an der Reihe.<\/p>\n<p>Bei diesen Artikeln spielt eine Hasselblad die Hauptrolle oder vielleicht auch nur eine kleine Nebenrolle:<\/p>\n<ul>\n<li><a title=\"Permalink zu Hiking the Wave 2010 \u2013 Oder: Wiped out\" href=\"http:\/\/anscharius.wordpress.com\/2010\/04\/15\/hiking-the-wave-2010-%e2%80%93-oder-wiped-out\/\" rel=\"bookmark\">Hiking the Wave 2010 \u2013 Oder: Wiped out<\/a><\/li>\n<li><a title=\"Permalink zu Lichteinfall bei der SWC :-|\" href=\"http:\/\/anscharius.wordpress.com\/2010\/03\/30\/lichteinfall-bei-der-swc\/\" rel=\"bookmark\">Lichteinfall bei der SWC :-|<\/a><\/li>\n<li><a title=\"Permalink zu Wandern am Guerges-Steig\" href=\"http:\/\/anscharius.wordpress.com\/2010\/03\/23\/wandern-am-guerges-steig\/\" rel=\"bookmark\">Wandern am Guerges-Steig<\/a><\/li>\n<\/ul>\n<p>Hier einige Bilder die mit meiner Hasselblad SWC entstanden sind:<\/p>\n<p><a href=\"http:\/\/anscharius.files.wordpress.com\/2012\/02\/the-wave-hasselblad-swc.jpg\"><img loading=\"lazy\" decoding=\"async\" class=\"alignnone size-full wp-image-6171\" title=\"The-Wave-Hasselblad-SWC\" src=\"http:\/\/anscharius.files.wordpress.com\/2012\/02\/the-wave-hasselblad-swc.jpg\" alt=\"Ein Bild aus dem Jahr 2010 mit Fuji Velvia 50 und Hasselblad SWC\" width=\"590\" height=\"590\" \/><\/a><\/p>\n<p><a href=\"http:\/\/anscharius.files.wordpress.com\/2012\/02\/the-wave-hasselblad-swc-2.jpg\"><img loading=\"lazy\" decoding=\"async\" class=\"alignnone size-full wp-image-6172\" title=\"The-Wave-Hasselblad-SWC-2\" src=\"http:\/\/anscharius.files.wordpress.com\/2012\/02\/the-wave-hasselblad-swc-2.jpg\" alt=\"\" width=\"590\" height=\"590\" \/><\/a><\/p>\n<p><a href=\"http:\/\/anscharius.files.wordpress.com\/2012\/02\/teide-sunset-hasselblad-swc.jpg\"><img loading=\"lazy\" decoding=\"async\" class=\"alignnone size-full wp-image-6175\" title=\"Teide-Sunset-Hasselblad-SWC\" src=\"http:\/\/anscharius.files.wordpress.com\/2012\/02\/teide-sunset-hasselblad-swc.jpg\" alt=\"\" width=\"590\" height=\"590\" \/><\/a><\/p>\n<p><a href=\"http:\/\/anscharius.files.wordpress.com\/2012\/02\/teneriffa-masca-guerges-steig-hasselblad-swc.jpg\"><img loading=\"lazy\" decoding=\"async\" class=\"alignnone size-full wp-image-6178\" title=\"Teneriffa-Masca-Guerges-Steig-Hasselblad-SWC\" src=\"http:\/\/anscharius.files.wordpress.com\/2012\/02\/teneriffa-masca-guerges-steig-hasselblad-swc.jpg\" alt=\"\" width=\"590\" height=\"590\" \/><\/a><\/p>\n<p><a href=\"http:\/\/anscharius.files.wordpress.com\/2012\/02\/thb-sunset-hasselblad-swc.jpg\"><img loading=\"lazy\" decoding=\"async\" class=\"alignnone size-full wp-image-6177\" title=\"THB-Sunset-Hasselblad-SWC\" src=\"http:\/\/anscharius.files.wordpress.com\/2012\/02\/thb-sunset-hasselblad-swc.jpg\" alt=\"\" width=\"590\" height=\"568\" \/><\/a><\/p>\n<p><a href=\"http:\/\/anscharius.files.wordpress.com\/2012\/02\/hasselblad-swc.jpg\"><img loading=\"lazy\" decoding=\"async\" class=\"alignnone size-full wp-image-6173\" title=\"Hasselblad-SWC\" src=\"http:\/\/anscharius.files.wordpress.com\/2012\/02\/hasselblad-swc.jpg\" alt=\"\" width=\"590\" height=\"450\" \/><\/a><\/p>\n<p>Und sie sieht sie &#8222;im Einsatz&#8220; aus :-)<\/p>\n<p><a href=\"http:\/\/anscharius.files.wordpress.com\/2012\/02\/hasselblad-swc-peekaboo-canyon.jpg\"><img loading=\"lazy\" decoding=\"async\" class=\"alignnone size-full wp-image-6174\" title=\"Hasselblad-SWC-Peekaboo-Canyon\" src=\"http:\/\/anscharius.files.wordpress.com\/2012\/02\/hasselblad-swc-peekaboo-canyon.jpg\" alt=\"\" width=\"590\" height=\"401\" \/><\/a><\/p>\n<p>Hier bin ich mit meiner hei\u00df geliebten Hasselblad 500CW:<\/p>\n<p><a href=\"http:\/\/anscharius.files.wordpress.com\/2011\/10\/hasselblad-cfv-50.jpg\"><img loading=\"lazy\" decoding=\"async\" title=\"Hasselblad-CFV-50\" src=\"http:\/\/anscharius.files.wordpress.com\/2011\/10\/hasselblad-cfv-50.jpg\" alt=\"\" width=\"590\" height=\"602\" \/><\/a><\/p>\n<p><a href=\"http:\/\/anscharius.files.wordpress.com\/2012\/02\/ansgar-hasselblad-500cw.jpg\"><img loading=\"lazy\" decoding=\"async\" class=\"alignnone size-full wp-image-6179\" title=\"Ansgar-Hasselblad-500CW\" src=\"http:\/\/anscharius.files.wordpress.com\/2012\/02\/ansgar-hasselblad-500cw.jpg\" alt=\"\" width=\"590\" height=\"881\" \/><\/a><\/p>\n<p>Hier einige Bilder die mit der Hasselblad 500CW und verschiedenen Objektiven entstanden sind:<\/p>\n<p><a href=\"http:\/\/anscharius.files.wordpress.com\/2012\/02\/wintermaerchen-hasselblad-500cw.jpg\"><img loading=\"lazy\" decoding=\"async\" class=\"alignnone size-full wp-image-6181\" title=\"Wintermaerchen-Hasselblad-500CW\" src=\"http:\/\/anscharius.files.wordpress.com\/2012\/02\/wintermaerchen-hasselblad-500cw.jpg\" alt=\"\" width=\"590\" height=\"590\" \/><\/a><\/p>\n<p><a href=\"http:\/\/anscharius.files.wordpress.com\/2012\/02\/klosterruine-heisterbach-hasselblad-500cw.jpg\"><img loading=\"lazy\" decoding=\"async\" class=\"alignnone size-full wp-image-6176\" title=\"Klosterruine-Heisterbach-Hasselblad-500CW\" src=\"http:\/\/anscharius.files.wordpress.com\/2012\/02\/klosterruine-heisterbach-hasselblad-500cw.jpg\" alt=\"\" width=\"590\" height=\"588\" \/><\/a><\/p>\n<p><a href=\"http:\/\/anscharius.files.wordpress.com\/2012\/02\/bonn-kunstmuseum-ilford-fp4-hasselblad-500cw.jpg\"><img loading=\"lazy\" decoding=\"async\" class=\"alignnone size-full wp-image-6180\" title=\"Bonn-Kunstmuseum-Ilford-FP4-Hasselblad-500CW\" src=\"http:\/\/anscharius.files.wordpress.com\/2012\/02\/bonn-kunstmuseum-ilford-fp4-hasselblad-500cw.jpg\" alt=\"\" width=\"590\" height=\"590\" \/><\/a><\/p>\n","protected":false},"excerpt":{"rendered":"<p>&nbsp; Sie waren nicht nur auf dem Mond, sie wurden auch von den gr\u00f6\u00dften Fotografen der Geschichte benutzt. Das Hasselblad-System ist in seiner Stringenz und Kontinuit\u00e4t dem Nikon-System nicht un\u00e4hnlich. Kameras ohne Kompromisse mit Objektiven von Carl Zeiss &#8211; was f\u00fcr eine Kombination! Sobald ich mit der Vorstellung aller Nikon-Kameras durch bin, wird es mit [&hellip;]<\/p>\n","protected":false},"author":2,"featured_media":0,"parent":1828,"menu_order":2,"comment_status":"open","ping_status":"closed","template":"","meta":{"jetpack_post_was_ever_published":false,"footnotes":""},"class_list":["post-6170","page","type-page","status-publish","hentry"],"jetpack_shortlink":"https:\/\/wp.me\/P2px01-1Bw","jetpack_sharing_enabled":true,"_links":{"self":[{"href":"https:\/\/www.nikonhumors.com\/index.php?rest_route=\/wp\/v2\/pages\/6170","targetHints":{"allow":["GET"]}}],"collection":[{"href":"https:\/\/www.nikonhumors.com\/index.php?rest_route=\/wp\/v2\/pages"}],"about":[{"href":"https:\/\/www.nikonhumors.com\/index.php?rest_route=\/wp\/v2\/types\/page"}],"author":[{"embeddable":true,"href":"https:\/\/www.nikonhumors.com\/index.php?rest_route=\/wp\/v2\/users\/2"}],"replies":[{"embeddable":true,"href":"https:\/\/www.nikonhumors.com\/index.php?rest_route=%2Fwp%2Fv2%2Fcomments&post=6170"}],"version-history":[{"count":0,"href":"https:\/\/www.nikonhumors.com\/index.php?rest_route=\/wp\/v2\/pages\/6170\/revisions"}],"up":[{"embeddable":true,"href":"https:\/\/www.nikonhumors.com\/index.php?rest_route=\/wp\/v2\/pages\/1828"}],"wp:attachment":[{"href":"https:\/\/www.nikonhumors.com\/index.php?rest_route=%2Fwp%2Fv2%2Fmedia&parent=6170"}],"curies":[{"name":"wp","href":"https:\/\/api.w.org\/{rel}","templated":true}]}}