{"id":6146,"date":"2012-02-23T20:13:09","date_gmt":"2012-02-23T19:13:09","guid":{"rendered":"http:\/\/anscharius.wordpress.com\/?page_id=6146"},"modified":"2012-02-23T20:13:09","modified_gmt":"2012-02-23T19:13:09","slug":"judy-george","status":"publish","type":"page","link":"https:\/\/www.nikonhumors.com\/?page_id=6146","title":{"rendered":"Judy &#038; George"},"content":{"rendered":"<p>Im Jahr 2009 habe ich einen Schiffsausflug zur Rainbow-Bridge gebucht. Es war ein wenig st\u00fcrmisch aber doch ein toller Tag. Ganz besonders witzig war es Judy und George aus Kanada dort kennenzulernen. Sie leben in der N\u00e4he von Banff und reisen f\u00fcr ihr Leben gern. George fotografiert was das Zeug h\u00e4lt und kein Weg ist zu weit um sch\u00f6ne Fotos und unvergessliche Eindr\u00fccke mit nach Hause zu nehmen. Mit dem &#8222;kleinen Schwarzen&#8220;, meinem 10.5mm Fisheye, habe ich damals mit meiner D300 dieses Bild geschossen. Man sieht schon, der Tag war gro\u00dfartig und die beiden sind einfach super.<\/p>\n<p><img loading=\"lazy\" decoding=\"async\" class=\"alignnone\" title=\"Judy, George und Ansgar mit Fisheye\" src=\"http:\/\/anscharius.files.wordpress.com\/2009\/03\/dsc76375b25d.jpg\" alt=\"\" width=\"640\" height=\"425\" \/><\/p>\n<p>Eine Weile sp\u00e4ter hat Judy mir eine Mail geschrieben. Sie hat ihre Camera auf der Route 66 verloren. Sie schrieb damals &#8222;Sounds like a title of a country song&#8220;. Seit dieser Zeit geht es mir das manchmal durch den Kopf ich frage mich wie es wohl geklungen h\u00e4tte wenn Johnny Cash &#8222;I lost my camera in Route 66&#8220; gesungen h\u00e4tte&#8230;<\/p>\n<p><strong>Und hier ist ihre Geschichte:<\/strong><\/p>\n<p><em>Hi Ansgar,<\/em><br \/>\n<em>First of all I want to wish you happy holidays and all the best in the New Year.\u00a0<\/em><em>Since last writing to you, we visited Machu Pichu in the Peruvian Andes Mountains and also Galapagos Islands off the coast of South America (actually about 1000km off the the coast).\u00a0 The trip was quite expensive but it turned out to be an incredible experience.<\/em><br \/>\n<em>The only way to visit the Islands is by plane and then you have stay aboard a ship.\u00a0 It was a relatively small tour boat holding at the most 100 people.\u00a0 The access to the islands is very controlled and limited.\u00a0 We visited a number of the islands while taking two excursions a day.\u00a0 The animals and the vegetation is truly unique.\u00a0 The animals have absolutely no fear of man &#8211; you can approach any wild animal and touch them &#8211; although the guides take a very dim view of this.<\/em><\/p>\n<p><em>Machu Pichu is an ancient Inca city that was abandoned shortly after the Spanish conquest.\u00a0 It is high up on the Andes and breathing proved to be a bit of a challenge.\u00a0 Nonetheless,\u00a0 exploring the old city was simply amazing.\u00a0 It is nestled in the mountains with an incredibly beautiful backdrop.\u00a0 I took a lot of photos and posted them on Flickr.<\/em><\/p>\n<p><em>We were in the Niagara area again and took these two pictures &#8230; I thought you may be amused.<\/em><\/p>\n<p><em>All the best.<\/em><br \/>\n<em>George and Judy<\/em><\/p>\n<p>Und diese Bilder haben sie mir mitgeschickt&#8230;<\/p>\n<p><a href=\"http:\/\/anscharius.files.wordpress.com\/2012\/02\/10-d-513.jpg\"><img loading=\"lazy\" decoding=\"async\" class=\"alignnone size-full wp-image-6149\" title=\"10-d-513\" src=\"http:\/\/anscharius.files.wordpress.com\/2012\/02\/10-d-513.jpg\" alt=\"\" width=\"590\" height=\"393\" \/><\/a><\/p>\n<p><a href=\"http:\/\/anscharius.files.wordpress.com\/2012\/02\/10-d-512.jpg\"><img loading=\"lazy\" decoding=\"async\" class=\"alignnone size-full wp-image-6148\" title=\"10-d-512\" src=\"http:\/\/anscharius.files.wordpress.com\/2012\/02\/10-d-512.jpg\" alt=\"\" width=\"590\" height=\"393\" \/><\/a><\/p>\n<p><a href=\"http:\/\/anscharius.files.wordpress.com\/2012\/02\/09-v-0847.jpg\"><img loading=\"lazy\" decoding=\"async\" class=\"alignnone size-full wp-image-6147\" title=\"09-v-0847\" src=\"http:\/\/anscharius.files.wordpress.com\/2012\/02\/09-v-0847.jpg\" alt=\"\" width=\"590\" height=\"914\" \/><\/a><\/p>\n<p>&nbsp;<\/p>\n<p>&nbsp;<\/p>\n","protected":false},"excerpt":{"rendered":"<p>Im Jahr 2009 habe ich einen Schiffsausflug zur Rainbow-Bridge gebucht. Es war ein wenig st\u00fcrmisch aber doch ein toller Tag. Ganz besonders witzig war es Judy und George aus Kanada dort kennenzulernen. Sie leben in der N\u00e4he von Banff und reisen f\u00fcr ihr Leben gern. George fotografiert was das Zeug h\u00e4lt und kein Weg ist [&hellip;]<\/p>\n","protected":false},"author":2,"featured_media":0,"parent":6115,"menu_order":3,"comment_status":"open","ping_status":"open","template":"","meta":{"jetpack_post_was_ever_published":false,"footnotes":""},"class_list":["post-6146","page","type-page","status-publish","hentry"],"jetpack_shortlink":"https:\/\/wp.me\/P2px01-1B8","jetpack_sharing_enabled":true,"_links":{"self":[{"href":"https:\/\/www.nikonhumors.com\/index.php?rest_route=\/wp\/v2\/pages\/6146","targetHints":{"allow":["GET"]}}],"collection":[{"href":"https:\/\/www.nikonhumors.com\/index.php?rest_route=\/wp\/v2\/pages"}],"about":[{"href":"https:\/\/www.nikonhumors.com\/index.php?rest_route=\/wp\/v2\/types\/page"}],"author":[{"embeddable":true,"href":"https:\/\/www.nikonhumors.com\/index.php?rest_route=\/wp\/v2\/users\/2"}],"replies":[{"embeddable":true,"href":"https:\/\/www.nikonhumors.com\/index.php?rest_route=%2Fwp%2Fv2%2Fcomments&post=6146"}],"version-history":[{"count":0,"href":"https:\/\/www.nikonhumors.com\/index.php?rest_route=\/wp\/v2\/pages\/6146\/revisions"}],"up":[{"embeddable":true,"href":"https:\/\/www.nikonhumors.com\/index.php?rest_route=\/wp\/v2\/pages\/6115"}],"wp:attachment":[{"href":"https:\/\/www.nikonhumors.com\/index.php?rest_route=%2Fwp%2Fv2%2Fmedia&parent=6146"}],"curies":[{"name":"wp","href":"https:\/\/api.w.org\/{rel}","templated":true}]}}