{"id":6112,"date":"2012-02-23T18:43:57","date_gmt":"2012-02-23T17:43:57","guid":{"rendered":"http:\/\/anscharius.wordpress.com\/?page_id=6112"},"modified":"2013-05-31T09:06:04","modified_gmt":"2013-05-31T07:06:04","slug":"nikon-d800","status":"publish","type":"page","link":"https:\/\/www.nikonhumors.com\/?page_id=6112","title":{"rendered":"Nikon D800"},"content":{"rendered":"<p><a href=\"http:\/\/anscharius.files.wordpress.com\/2012\/02\/nikon_d800_klappdisplay_gradient_logo_1000px.jpg\"><img loading=\"lazy\" decoding=\"async\" class=\"alignnone size-full wp-image-5935\" title=\"Nikon_D800_Klappdisplay_Gradient_Logo_1000px\" src=\"http:\/\/anscharius.files.wordpress.com\/2012\/02\/nikon_d800_klappdisplay_gradient_logo_1000px.jpg\" alt=\"Ein kleiner Spa\u00df mit Photoshop\" width=\"590\" height=\"420\" \/><\/a><\/p>\n<p>Hier werde ich alle wichtigen Infos rund um die Nikon D800 zusammenfassen und regelm\u00e4\u00dfig aktualisieren. Die hier gezeigte D800 mit Klappdisplay ist nat\u00fcrlich ein nicht ganz ernstgemeinter Fake. Hier habe ich vor einigen Tagen meinem Spieltrieb freien Lauf gelassen und mir mit Photoshop aus einer D800 und einer D5100 eine neue Kamera gebastelt :-)<\/p>\n<p>F\u00fcr den Anfang habe ich f\u00fcr Euch dieses Video erstellt:<\/p>\n<span class=\"embed-youtube\" style=\"text-align:center; display: block;\"><iframe loading=\"lazy\" class=\"youtube-player\" width=\"950\" height=\"535\" src=\"https:\/\/www.youtube.com\/embed\/A93HC_Z_evw?version=3&#038;rel=1&#038;showsearch=0&#038;showinfo=1&#038;iv_load_policy=1&#038;fs=1&#038;hl=de-DE&#038;autohide=2&#038;wmode=transparent\" allowfullscreen=\"true\" style=\"border:0;\" sandbox=\"allow-scripts allow-same-origin allow-popups allow-presentation allow-popups-to-escape-sandbox\"><\/iframe><\/span>\n<p>Die Artikel meines BLOGs die sich mit der D800 besch\u00e4ftigen habe ich Euch hier zusammengestellt:<\/p>\n<ul>\n<li><a title=\"Permalink zu Nikon D800E \u2013 Fazit nach dem ersten\u00a0Jahr\" href=\"http:\/\/anscharius.net\/2013\/05\/24\/nikon-d800e-fazit-nach-dem-ersten-jahr\/\" rel=\"bookmark\">Nikon D800E \u2013 Fazit nach dem ersten\u00a0Jahr<\/a><\/li>\n<li><a title=\"Permalink zu Teneriffa 2013 \u2013 Das\u00a0Video\" href=\"http:\/\/anscharius.net\/2013\/04\/28\/teneriffa-2013-das-video\/\" rel=\"bookmark\">Teneriffa 2013 \u2013 Das\u00a0Video<\/a><\/li>\n<li><a title=\"Permalink zu Nikon D800E \u2013 The Great\u00a0Battle\" href=\"http:\/\/anscharius.net\/2013\/02\/06\/nikon-d800e-the-great-battle\/\" rel=\"bookmark\">Nikon D800E \u2013 The Great\u00a0Battle<\/a><\/li>\n<li><a title=\"Permalink zu Teneriffa 2012 \u2013 Das gro\u00dfe\u00a0Video\" href=\"http:\/\/anscharius.net\/2013\/01\/04\/teneriffa-2012-das-grose-video\/\" rel=\"bookmark\">Teneriffa 2012 \u2013 Das gro\u00dfe\u00a0Video<\/a><\/li>\n<li><a title=\"Permalink zu Nikon D800 \u2013 Eine\u00a0Wertanlage?\" href=\"http:\/\/anscharius.net\/2012\/10\/14\/nikon-d800-eine-wertanlage\/\" rel=\"bookmark\">Nikon D800 \u2013 Eine\u00a0Wertanlage?<\/a><\/li>\n<li><a title=\"Permalink zu Nikon D800E \u2013 At Low\u00a0Light\" href=\"http:\/\/anscharius.net\/2012\/10\/03\/nikon-d800e-at-low-light\/\" rel=\"bookmark\">Nikon D800E \u2013 At Low\u00a0Light<\/a><\/li>\n<li><a title=\"Permalink zu Nikon D800E \u2013 Dias kopieren mit Nikon\u00a0ES-1\" href=\"http:\/\/anscharius.net\/2012\/09\/29\/nikon-d800e-dias-kopieren-mit-nikon-es-1\/\" rel=\"bookmark\">Nikon D800E \u2013 Dias kopieren mit Nikon\u00a0ES-1<\/a><\/li>\n<li><a title=\"Permalink zu Nikon D800E \u2013 Available Light mit AF-S\u00a01.4\/50mm\" href=\"http:\/\/anscharius.net\/2012\/09\/03\/nikon-d800e-available-light-mit-af-s-1-450mm\/\" rel=\"bookmark\">Nikon D800E \u2013 Available Light mit AF-S\u00a01.4\/50mm<\/a><\/li>\n<li><a title=\"Permalink zu Nikon D800E \u2013 Sportfotografie mit AF-S VR\u00a070-200mm\" href=\"http:\/\/anscharius.net\/2012\/08\/26\/nikon-d800e-sportfotografie-mit-af-s-vr-70-200mm\/\" rel=\"bookmark\">Nikon D800E \u2013 Sportfotografie mit AF-S VR\u00a070-200mm<\/a><\/li>\n<li><a title=\"Permalink zu Nikon D800E \u2013 AF-S 2.8\/70-200mm + AiS\u00a02.8\/55mm\" href=\"http:\/\/anscharius.net\/2012\/08\/09\/nikon-d800e-mit-70-200mm-und-55mm\/\" rel=\"bookmark\">Nikon D800E \u2013 AF-S 2.8\/70-200mm + AiS\u00a02.8\/55mm<\/a><\/li>\n<li><a title=\"Permalink zu Nikon D800E \u2013 Landschaftsfotografie mit\u00a0Teleobjektiven\" href=\"http:\/\/anscharius.net\/2012\/07\/28\/nikon-d800e-landschaftsfotografie-mit-teleobjektiven\/\" rel=\"bookmark\">Nikon D800E \u2013 Landschaftsfotografie mit\u00a0Teleobjektiven<\/a><\/li>\n<li><a title=\"Permalink zu Nikon D800E \u2013 200mm Brennweiten im\u00a0Vergleich\" href=\"http:\/\/anscharius.net\/2012\/07\/28\/nikon-d800e-200mm-brennweiten-im-vergleich\/\" rel=\"bookmark\">Nikon D800E \u2013 200mm Brennweiten im\u00a0Vergleich<\/a><\/li>\n<li><a title=\"Permalink zu Nikon D800E \u2013 300mm Teleobjektive im\u00a0Vergleich\" href=\"http:\/\/anscharius.net\/2012\/07\/21\/nikon-d800e-300mm-teleobjektive-im-vergleich\/\" rel=\"bookmark\">Nikon D800E \u2013 300mm Teleobjektive im\u00a0Vergleich<\/a><\/li>\n<li><a title=\"Permalink zu Nikon D800E \u2013 Das perfekte\u00a0Weitwinkel\" href=\"http:\/\/anscharius.net\/2012\/07\/14\/nikon-d800e-das-perfekte-weitwinkel\/\" rel=\"bookmark\">Nikon D800E \u2013 Das perfekte\u00a0Weitwinkel<\/a><\/li>\n<li><a title=\"Permalink zu Nikon D800E \u2013 Fotografieren mit AF-D\u00a02.8\/10,5mm\" href=\"http:\/\/anscharius.net\/2012\/07\/08\/nikon-d800e-fotografieren-mit-af-d-2-8105mm\/\" rel=\"bookmark\">Nikon D800E \u2013 Fotografieren mit AF-D\u00a02.8\/10,5mm<\/a><\/li>\n<li><a title=\"Permanent Link to Nikon D800 \u2013 Kinderkrankheiten\u00a0beseitigt\" href=\"http:\/\/anscharius.net\/2012\/05\/30\/nikon-d800-kinderkrankheiten-beseitigt\/\" rel=\"bookmark\">Nikon D800 <\/a><a title=\"Permanent Link to Nikon D800 \u2013 Unabh\u00e4ngige Tests und\u00a0Videos\" href=\"http:\/\/anscharius.net\/2012\/05\/21\/nikon-d800-unabhangige-tests-und-videos\/\" rel=\"bookmark\">&#8211;<\/a><a title=\"Permanent Link to Nikon D800 \u2013 Kinderkrankheiten\u00a0beseitigt\" href=\"http:\/\/anscharius.net\/2012\/05\/30\/nikon-d800-kinderkrankheiten-beseitigt\/\" rel=\"bookmark\">\u00a0Kinderkrankheiten\u00a0beseitigt<\/a><\/li>\n<li><a title=\"Permanent Link to Nikon D800 \u2013 Unabh\u00e4ngige Tests und\u00a0Videos\" href=\"http:\/\/anscharius.net\/2012\/05\/21\/nikon-d800-unabhangige-tests-und-videos\/\" rel=\"bookmark\">Nikon D800 &#8211; Unabh\u00e4ngige Tests und\u00a0Videos<\/a><\/li>\n<li><a href=\"http:\/\/anscharius.wordpress.com\/2012\/03\/11\/nikon-d800e-noch-5-wochen-warten\/\" target=\"_blank\">Nikon D800 &#8211; Noch f\u00fcnf Wochen warten<\/a><\/li>\n<li><a href=\"http:\/\/anscharius.wordpress.com\/2012\/02\/16\/warten-auf-die-nikon-d800e\/\" target=\"_blank\">Warten auf die Nikon D800E<\/a><\/li>\n<li><a title=\"Permalink zu Nikon D800 \u2013 Erster Praxistest\" href=\"http:\/\/anscharius.wordpress.com\/2012\/02\/08\/nikon-d800-erster-praxistest\/\" rel=\"bookmark\">Nikon D800\u00a0&#8211; Erster Praxistest<\/a><\/li>\n<li><a title=\"Permalink zu Nikon D800 \u2013 Bald auch mit Klappdisplay\" href=\"http:\/\/anscharius.wordpress.com\/2012\/02\/08\/nikon-d800-bald-auch-mit-klappdisplay\/\" rel=\"bookmark\">Nikon D800\u00a0&#8211; Bald auch mit Klappdisplay<\/a><\/li>\n<li><a title=\"Permalink zu Nikon D800 \u2013 Heute offiziell vorgestellt\" href=\"http:\/\/anscharius.wordpress.com\/2012\/02\/07\/nikon-d800-heute-offiziell-vorgestellt\/\" rel=\"bookmark\">Nikon D800\u00a0&#8211; Heute offiziell vorgestellt<\/a><\/li>\n<li><a title=\"Permalink zu Nikon D800 \u2013 M\u00f6glicherweise mit HP-Finder\" href=\"http:\/\/anscharius.wordpress.com\/2012\/01\/23\/nikon-d800-moglicherweise-mit-hp-finder\/\" rel=\"bookmark\">Nikon D800\u00a0&#8211; M\u00f6glicherweise mit HP-Finder<\/a><\/li>\n<li><a title=\"Permalink zu Nikon 800 \u2013 Vorstellung im September\" href=\"http:\/\/anscharius.wordpress.com\/2012\/01\/21\/nikon-800-vorstellung-im-september\/\" rel=\"bookmark\">Nikon D800\u00a0&#8211; Vorstellung im September<\/a><\/li>\n<li><a title=\"Permalink zu Nikon D800 \u2013 Der erste Prototyp\" href=\"http:\/\/anscharius.wordpress.com\/2011\/11\/24\/nikon-d800-der-erste-prototyp\/\" rel=\"bookmark\">Nikon D800\u00a0&#8211; Der erste Prototyp<\/a><\/li>\n<li><a title=\"Permalink zu Nikon D800 \u2013 Erste Bilder\" href=\"http:\/\/anscharius.wordpress.com\/2011\/11\/21\/nikon-d800-erste-bilder\/\" rel=\"bookmark\">Nikon D800\u00a0&#8211; Erste Bilder<\/a><\/li>\n<li><a title=\"Permalink zu Nikon D800 \u2013 Heute nicht vorgestellt\" href=\"http:\/\/anscharius.wordpress.com\/2011\/10\/26\/nikon-d800-heute-vorgestellt\/\" rel=\"bookmark\">Nikon D800\u00a0&#8211; Heute nicht vorgestellt<\/a><\/li>\n<\/ul>\n<p>Wer will kann sein ganz pers\u00f6nliches Exemplar der <a title=\"Nikon D800 bei amazon.de bestellen\" href=\"http:\/\/amzn.to\/PsnIRs\" target=\"_blank\">Nikon D800 bei amazon.de <\/a>bestellen.<\/p>\n<p>Hier ein Testbild das die Zeitschrift &#8222;Profifoto&#8220; mit einer D800E aufgenommen hat&#8230;<\/p>\n<p><a href=\"http:\/\/www.profifoto.de\/fileadmin\/kameratests\/profifoto\/nikon_d800e\/nikon_d800e_test.jpeg\" target=\"_blank\"><img loading=\"lazy\" decoding=\"async\" class=\"alignnone size-full wp-image-9248\" src=\"http:\/\/anscharius.files.wordpress.com\/2012\/02\/nikon_d800e_test.jpg\" alt=\"Nikon D800E - Testbild\" width=\"590\" height=\"394\" \/><\/a><\/p>\n","protected":false},"excerpt":{"rendered":"<p>Hier werde ich alle wichtigen Infos rund um die Nikon D800 zusammenfassen und regelm\u00e4\u00dfig aktualisieren. Die hier gezeigte D800 mit Klappdisplay ist nat\u00fcrlich ein nicht ganz ernstgemeinter Fake. Hier habe ich vor einigen Tagen meinem Spieltrieb freien Lauf gelassen und mir mit Photoshop aus einer D800 und einer D5100 eine neue Kamera gebastelt :-) F\u00fcr [&hellip;]<\/p>\n","protected":false},"author":2,"featured_media":0,"parent":1828,"menu_order":30,"comment_status":"open","ping_status":"closed","template":"","meta":{"jetpack_post_was_ever_published":false,"footnotes":""},"class_list":["post-6112","page","type-page","status-publish","hentry"],"jetpack_shortlink":"https:\/\/wp.me\/P2px01-1AA","jetpack_sharing_enabled":true,"_links":{"self":[{"href":"https:\/\/www.nikonhumors.com\/index.php?rest_route=\/wp\/v2\/pages\/6112","targetHints":{"allow":["GET"]}}],"collection":[{"href":"https:\/\/www.nikonhumors.com\/index.php?rest_route=\/wp\/v2\/pages"}],"about":[{"href":"https:\/\/www.nikonhumors.com\/index.php?rest_route=\/wp\/v2\/types\/page"}],"author":[{"embeddable":true,"href":"https:\/\/www.nikonhumors.com\/index.php?rest_route=\/wp\/v2\/users\/2"}],"replies":[{"embeddable":true,"href":"https:\/\/www.nikonhumors.com\/index.php?rest_route=%2Fwp%2Fv2%2Fcomments&post=6112"}],"version-history":[{"count":3,"href":"https:\/\/www.nikonhumors.com\/index.php?rest_route=\/wp\/v2\/pages\/6112\/revisions"}],"predecessor-version":[{"id":6970,"href":"https:\/\/www.nikonhumors.com\/index.php?rest_route=\/wp\/v2\/pages\/6112\/revisions\/6970"}],"up":[{"embeddable":true,"href":"https:\/\/www.nikonhumors.com\/index.php?rest_route=\/wp\/v2\/pages\/1828"}],"wp:attachment":[{"href":"https:\/\/www.nikonhumors.com\/index.php?rest_route=%2Fwp%2Fv2%2Fmedia&parent=6112"}],"curies":[{"name":"wp","href":"https:\/\/api.w.org\/{rel}","templated":true}]}}