{"id":5278,"date":"2011-11-14T19:59:37","date_gmt":"2011-11-14T17:59:37","guid":{"rendered":"http:\/\/anscharius.wordpress.com\/?page_id=5278"},"modified":"2012-05-03T23:16:59","modified_gmt":"2012-05-03T21:16:59","slug":"impressum","status":"publish","type":"page","link":"https:\/\/www.nikonhumors.com\/?page_id=5278","title":{"rendered":"Impressum"},"content":{"rendered":"<p><strong>Disclaimer \/ Dementi<\/strong><\/p>\n<p><strong>1. Inhalt des Onlineangebotes\u00a0<\/strong><br \/>\nDer Autor\/Betreiber \u00fcbernimmt keinerlei Gew\u00e4hr f\u00fcr die Aktualit\u00e4t, Korrektheit, Vollst\u00e4ndigkeit oder Qualit\u00e4t der bereitgestellten Informationen. Haftungsanspr\u00fcche gegen den Autor\/Betreiber, welche sich auf Sch\u00e4den materieller oder ideeller Art beziehen, die durch die Nutzung oder Nichtnutzung der dargebotenen Informationen bzw. durch die Nutzung fehlerhafter und unvollst\u00e4ndiger Informationen verursacht wurden, sind grunds\u00e4tzlich ausgeschlossen, sofern seitens des Autors\/Betreibers kein nachweislich vors\u00e4tzliches oder grob fahrl\u00e4ssiges Verschulden vorliegt.<\/p>\n<p>Alle Angebote sind freibleibend und unverbindlich. Der Autor beh\u00e4lt es sich ausdr\u00fccklich vor, Teile der Seiten oder das gesamte Angebot ohne gesonderte Ank\u00fcndigung zu ver\u00e4ndern, zu erg\u00e4nzen, zu l\u00f6schen oder die Ver\u00f6ffentlichung zeitweise oder endg\u00fcltig einzustellen.<\/p>\n<p><strong>2. Verweise und Links\u00a0<\/strong><br \/>\nBei direkten oder indirekten Verweisen auf fremde Webseiten (\u201dHyperlinks\u201d), die au\u00dferhalb des Verantwortungsbereiches des Autors liegen, w\u00fcrde eine Haftungsverpflichtung ausschlie\u00dflich in dem Fall in Kraft treten, in dem der Autor von den Inhalten Kenntnis hat und es ihm technisch m\u00f6glich und zumutbar w\u00e4re, die Nutzung im Falle rechtswidriger Inhalte zu verhindern.<\/p>\n<p>Der Autor\/Betreiber erkl\u00e4rt hiermit ausdr\u00fccklich, dass zum Zeitpunkt der Linksetzung keine illegalen Inhalte auf den zu verlinkenden Seiten erkennbar waren. Auf die aktuelle und zuk\u00fcnftige Gestaltung, die Inhalte oder die Urheberschaft der gelinkten\/verkn\u00fcpften Seiten hat der Autor keinerlei Einfluss. Deshalb distanziert er sich hiermit ausdr\u00fccklich von allen Inhalten aller gelinkten\/verkn\u00fcpften Seiten, die nach der Linksetzung ver\u00e4ndert wurden. Diese Feststellung gilt f\u00fcr alle innerhalb des eigenen Internetangebotes gesetzten Links und Verweise sowie f\u00fcr Fremdeintr\u00e4ge in vom Autor eingerichteten G\u00e4steb\u00fcchern, Diskussionsforen und Mailinglisten. F\u00fcr illegale, fehlerhafte oder unvollst\u00e4ndige Inhalte und insbesondere f\u00fcr Sch\u00e4den, die aus der Nutzung oder Nichtnutzung solcherart dargebotener Informationen entstehen, haftet allein der Anbieter der Seite, auf welche verwiesen wurde, nicht derjenige, der \u00fcber Links auf die jeweilige Ver\u00f6ffentlichung lediglich verweist.<\/p>\n<p><strong>3. Urheber- und Kennzeichenrecht\u00a0<\/strong><br \/>\nDer Autor ist bestrebt, in allen Publikationen die Urheberrechte der verwendeten Grafiken, Tondokumente, Videosequenzen und Texte zu beachten, von ihm selbst erstellte Grafiken, Tondokumente, Videosequenzen und Texte zu nutzen oder auf lizenzfreie Grafiken, Tondokumente, Videosequenzen und Texte zur\u00fcckzugreifen.<br \/>\nAlle innerhalb des Internetangebotes genannten und ggf. durch Dritte gesch\u00fctzten Marken- und Warenzeichen unterliegen uneingeschr\u00e4nkt den Bestimmungen des jeweils g\u00fcltigen Kennzeichenrechts und den Besitzrechten der jeweiligen eingetragenen Eigent\u00fcmer. Allein aufgrund der blo\u00dfen Nennung ist nicht der Schluss zu ziehen, dass Markenzeichen nicht durch Rechte Dritter gesch\u00fctzt sind! Das Copyright f\u00fcr ver\u00f6ffentlichte, vom Autor selbst erstellte Objekte bleibt allein beim Autor der Seiten. Eine Vervielf\u00e4ltigung oder Verwendung solcher Grafiken, Tondokumente, Videosequenzen und Texte in anderen elektronischen oder gedruckten Publikationen ist ohne ausdr\u00fcckliche Zustimmung des Autors nicht gestattet.<\/p>\n<p><strong>Distanzierung I<\/strong><br \/>\nDer Verfasser dieser Seite tr\u00e4gt keine Verantwortung f\u00fcr die Art, in der hier zur Verf\u00fcgung gestellten Informationen genutzt werden. Dateien und alles andere auf dieser Seite sind nur f\u00fcr den privaten Gebrauch bestimmt und sollten darum nicht heruntergeladen oder gelesen werden. Wenn Sie irgendwie in Verbindung mit der Regierung, Anti-Pirate Gruppen, der MPAA, CCA, Premiere, Mediavision oder anderen \u00e4hnlichen Gruppen stehen, ist der Zugang zu den Dateien und das Lesen der HTML Seiten verboten. Alle Objekte dieser Seite sind privates Eigentum und somit f\u00fcr Sie nicht zum Lesen bestimmt. Es ist also verboten diese Seite zu betreten. Wenn Sie diese Seite dennoch betreten , versto\u00dfen Sie gegen den \u201cCode 431.322.12 of the Internet Privacy Act\u201d, der 1995 von Bill Clinton verabschiedet wurde. Das hei\u00dft \u2013 Sie k\u00f6nnen gegen die Personen, welche diese Dateien verwalten, nicht vorgehen. Wenn Sie dieser Vereinbarung nicht zustimmen, sind Sie gezwungen diese Seiten wieder zu verlassen!<\/p>\n<p><strong>Distanzierung II<\/strong><br \/>\nMit Urteil vom 12. Mai 1998 hat das Landgericht Hamburg entschieden, dass man durch die Ausbringung eines Links die Inhalte der gelinkten Seite ggf. mit zu verantworten hat. Dies kann \u2013 so das Landgericht \u2013 nur dadurch verhindert werden, dass man sich ausdr\u00fccklich von diesen Inhalten distanziert. Wir haben auf diesen Seiten Links zu anderen Seiten im Internet gelegt. F\u00fcr all diese Links gilt: Der Autor\/Betreiber m\u00f6chte ausdr\u00fccklich betonen, dass keinerlei Einfluss auf die Gestaltung und die Inhalte der gelinkten Seiten besteht. Deshalb distanziert sich der Betreiber\/Autor hiermit ausdr\u00fccklich von allen Inhalten aller gelinkten Seiten auf dieser Homepage\/Blog\/Webseite. Diese Erkl\u00e4rung gilt f\u00fcr alle auf dieser Homepage angebrachten Links und f\u00fcr alle Inhalte der Seiten, zu denen Banner oder \u00c4hnliches f\u00fchren!<\/p>\n<p>Der Nutzung von im Rahmen der Impressumspflicht ver\u00f6ffentlichten Kontaktdaten durch Dritte zur \u00dcbersendung von nicht ausdr\u00fccklich angeforderter Werbung und Informationsmaterialien wird hiermit ausdr\u00fccklich widersprochen! Der Betreiber der Seiten beh\u00e4lt sich ausdr\u00fccklich rechtliche Schritte im Falle der unverlangten Zusendung von Werbeinformationen, z.B. durch Spam-Mails, vor.<\/p>\n<p><strong>Hinweise bei Rechtsverletzungen<\/strong><\/p>\n<p>1. Der Autor\/Betreiber respektiert das geistige Eigentum Dritter und fordert seine Nutzer auf,dies ebenfalls zu tun.<\/p>\n<p>2. Sind Sie der Ansicht, da\u00df Urheberrechte durch einen Autor oder Nutzer verletzt werden, die durch das Angebot der Speicherung und Ver\u00f6ffentlichung seiner Inhalte genutzt werden, so wenden Sie sich schriftlich unter Angabe folgender Daten an uns:<\/p>\n<ul>\n<li>Beschreibung des urheberrechtlich gesch\u00fctzten Werkes<\/li>\n<li>elektronische o. handschriftliche Unterschrift der Person, die berechtigt ist, f\u00fcr den Rechteinhaber zu handeln<\/li>\n<li>Ihre Anschrift, Name, Telefonnummer u. Emailadresse<\/li>\n<li>Erkl\u00e4rung von Ihnen, da\u00df Sie unter bestem Wissen und Gewissen die beanstandete Ver\u00f6ffentlichung\/Nutzung nicht durch den Inhaber der Urheberrechte, dessen Bevollm\u00e4chtigte oder Rechtsvorschriften zugelassen ist.<\/li>\n<li>Eidesstattliche Versicherung von Ihnen, da\u00df die vorgehenden Informationen wahrheitsgem\u00e4\u00df und Sie Inhaber der Urheberrechte o. im Namen des Rechteinhabers bevollm\u00e4chtigt sind.<\/li>\n<\/ul>\n<div><a href=\"http:\/\/anscharius.files.wordpress.com\/2011\/11\/abaut2.jpg\"><img loading=\"lazy\" decoding=\"async\" class=\"alignnone size-full wp-image-5287\" title=\"abaut\" src=\"http:\/\/anscharius.files.wordpress.com\/2011\/11\/abaut2.jpg\" alt=\"\" width=\"590\" height=\"92\" \/><\/a><\/div>\n","protected":false},"excerpt":{"rendered":"<p>Disclaimer \/ Dementi 1. Inhalt des Onlineangebotes\u00a0 Der Autor\/Betreiber \u00fcbernimmt keinerlei Gew\u00e4hr f\u00fcr die Aktualit\u00e4t, Korrektheit, Vollst\u00e4ndigkeit oder Qualit\u00e4t der bereitgestellten Informationen. Haftungsanspr\u00fcche gegen den Autor\/Betreiber, welche sich auf Sch\u00e4den materieller oder ideeller Art beziehen, die durch die Nutzung oder Nichtnutzung der dargebotenen Informationen bzw. durch die Nutzung fehlerhafter und unvollst\u00e4ndiger Informationen verursacht wurden, sind [&hellip;]<\/p>\n","protected":false},"author":2,"featured_media":0,"parent":0,"menu_order":20,"comment_status":"open","ping_status":"closed","template":"","meta":{"jetpack_post_was_ever_published":false,"footnotes":""},"class_list":["post-5278","page","type-page","status-publish","hentry"],"jetpack_shortlink":"https:\/\/wp.me\/P2px01-1n8","jetpack_sharing_enabled":true,"_links":{"self":[{"href":"https:\/\/www.nikonhumors.com\/index.php?rest_route=\/wp\/v2\/pages\/5278","targetHints":{"allow":["GET"]}}],"collection":[{"href":"https:\/\/www.nikonhumors.com\/index.php?rest_route=\/wp\/v2\/pages"}],"about":[{"href":"https:\/\/www.nikonhumors.com\/index.php?rest_route=\/wp\/v2\/types\/page"}],"author":[{"embeddable":true,"href":"https:\/\/www.nikonhumors.com\/index.php?rest_route=\/wp\/v2\/users\/2"}],"replies":[{"embeddable":true,"href":"https:\/\/www.nikonhumors.com\/index.php?rest_route=%2Fwp%2Fv2%2Fcomments&post=5278"}],"version-history":[{"count":5,"href":"https:\/\/www.nikonhumors.com\/index.php?rest_route=\/wp\/v2\/pages\/5278\/revisions"}],"predecessor-version":[{"id":6950,"href":"https:\/\/www.nikonhumors.com\/index.php?rest_route=\/wp\/v2\/pages\/5278\/revisions\/6950"}],"wp:attachment":[{"href":"https:\/\/www.nikonhumors.com\/index.php?rest_route=%2Fwp%2Fv2%2Fmedia&parent=5278"}],"curies":[{"name":"wp","href":"https:\/\/api.w.org\/{rel}","templated":true}]}}