{"id":3762,"date":"2011-05-15T08:33:22","date_gmt":"2011-05-15T07:33:22","guid":{"rendered":"http:\/\/anscharius.wordpress.com\/?page_id=3762"},"modified":"2011-05-15T08:33:22","modified_gmt":"2011-05-15T07:33:22","slug":"perfect-lens","status":"publish","type":"page","link":"https:\/\/www.nikonhumors.com\/?page_id=3762","title":{"rendered":"Perfect Lens"},"content":{"rendered":"<p>Welcher ambitionierte Fotograf kennt sie nicht, die ewige Suche nach dem besten aller Objektive? Ganz ehrlich, hast Du nicht auch schon Fotos in der 1:1 Ansicht angeschaut, in alle Ecken gescrollt und nach Farbs\u00e4umen als Resultat der chromatischen Aberration gesucht? Mir geht es nicht anders und so hat sich im Laufe der Jahre ein kleiner Zoo von Objektiven unterschiedlichster Brennweite und Bauform angesammelt. Ein Ergebnis der stetigen Suche nach der besten Abbildungsqualit\u00e4t.<\/p>\n<p>Irgendwann will man mit diesen Objektiven aber auch fotografieren, beispielsweise auf einem langen Trip durch die USA. Der Weg dorthin ist weit und das Gep\u00e4ck stark reglementiert. Welche Objektive nimmt man also mit? Einfach das 18-200mm Superzoom einpacken und fertig? Oder soll man sich doch mit einem Zoo aus Objektiven wie diesem hier abschleppen: 12-16, 17-55, 70-200,200-400, \u00a01.4\/50, 2.8\/60?<\/p>\n<p>Im Rahmen der Vorbereitungen zur USA-Reise 2009 habe ich lange hin und her \u00fcberlegt was in den Fotorucksack hinein muss, was kann und was daheim bleiben muss. Ich habe mir ein ISO12233 Testchart besorgt (<a title=\"Edmund Optics\" href=\"http:\/\/www.edmundoptics.com\/onlinecatalog\/displayproduct.cfm?productid=2287\" target=\"_blank\">gibt es beispielsweise hier<\/a>) und es mit der D2x und einer Reihe von Objektiven aus meinem &#8222;Fuhrpark&#8220; abfotografiert. Warum die D2x? Ganz einfach, die D2x zeigt gegen\u00fcber der D300 etwas mehr Details, zumindest bei ISO-100. Jenseits der ISO-400 ist die D300 klar im Vorteil. Aber da ich eh meist mit Stativ, Spiegelvorausl\u00f6sung und Kabelausl\u00f6ser arbeite, kann ich in der Regel mit ISO-100 fotografieren und dann zeigt die D2x was sie kann.<\/p>\n<p>Und noch ein Aspekt, die D300 korrigiert bei Objektiven welche die Kamera &#8222;kennt&#8220; essentielle Abbildungsfehler automatisch. Die D2x kann das noch nicht! Eigentlich eher ein Mangel, aber bei der Suche nach dem besten aller Objektive dann doch ganz hilfreich.<\/p>\n<p><strong>Warum kein Vollformat?<\/strong><\/p>\n<p>Viele meiner Objektive w\u00fcrden auch an einer &#8222;Vollformat&#8220; DSLR (FX-Format) funktionieren. Schaut man sich Artikel beispielsweise von Ken Rockwell an, in denen er die Aufl\u00f6sung der <a title=\"Vergleich D3 und D700 versus D300\" href=\"http:\/\/www.kenrockwell.com\/nikon\/d700\/sharpness-comparison.htm\" target=\"_blank\">D3 mit der D300 vergleicht<\/a>, stellt man fest, dass man mit dem richtigen Objektiv an der D300 die gleiche Abbildungsleistung erzielen kann. Aufgrund des kleineren Chips der D300, D2x usw. sind speziell angepasste Objektive (DX-Format) kleiner und leichter. Auch haben sie k\u00fcrzere Brennweiten bei gleichem Abbildungsma\u00dfstab. Das bedeutet mehr Tiefensch\u00e4rfe, die man manchmal sicher nicht haben will, aber die bei der Landschaftsfotografie oft ganz hilfreich ist. Au\u00dferdem mag ich Teleobjektive und die sind im DX-Format definitiv kleiner als im FX-Format. Benutzt man gute FX-Objektive an einer DX-Kamera (wie der D300) so ergibt sich ein f\u00fcr mich wirklich praktischer Verl\u00e4ngerungsfaktor.<\/p>\n<p>Eines meiner liebsten Objektive ist das Nikon AF-S VR 2.8\/70-200mm. An der D300 entspricht es einem 105-300mm Objektiv und das mit Lichtst\u00e4rke 2.8 und Bildstabilisator zum Preis von etwa 1800 Euro!<\/p>\n<p><strong>Was ist ein ISO12233 Testchart<\/strong>?<\/p>\n<p>In der Wikipedia findet man diese Definition:<\/p>\n<p><em>The\u00a0<strong>ISO 12233<\/strong>\u00a0target was developed for digital camera applications, since modern digital camera spatial resolution may exceed the limitations of the older targets. It includes several\u00a0knife-edge targets\u00a0for the purpose of computing MTF by\u00a0<a title=\"Fourier Transform\" href=\"http:\/\/en.wikipedia.org\/wiki\/Fourier_Transform\" target=\"_blank\">Fourier Transform<\/a>. They are offset from the vertical by 5 degrees so that the edges will be sampled in many different phases, which allow estimation of the spatial frequency response beyond the\u00a0<a title=\"Nyquist frequency\" href=\"http:\/\/en.wikipedia.org\/wiki\/Nyquist_frequency\" target=\"_blank\">Nyquist frequency<\/a>\u00a0of the samplin<\/em>g.<\/p>\n<p><strong>Und so sieht ein ISO 12233 Testchart aus:<\/strong><\/p>\n<p><a href=\"http:\/\/anscharius.files.wordpress.com\/2011\/05\/iso12233.jpg\"><img loading=\"lazy\" decoding=\"async\" class=\"alignnone size-full wp-image-3763\" title=\"ISO12233\" src=\"http:\/\/anscharius.files.wordpress.com\/2011\/05\/iso12233.jpg\" alt=\"\" width=\"590\" height=\"349\" \/><\/a><\/p>\n<p>Um wirklich aussagekr\u00e4ftige Ergebnisse erzielen zu k\u00f6nnen, sollte das Testchart so gro\u00df wie m\u00f6glich sein. Ein Print aus dem Laserdrucker im Format DIN A4 ist da g\u00e4nzlich ungeeignet. Ab 60 x 90 cm wird es interessant und realistisch, da stimmt dann auch das Verh\u00e4ltnis von Gr\u00f6\u00dfe des Charts und der Aufl\u00f6sung des Druckers. Nun kann man beispielsweise mit einem Portrait-Objektiv aus einer Entfernung von vielleicht 2-3 Metern das Testchart fotografieren, was einer realistischen Aufnahmesituation mit einem Model entspricht. Soll es noch gr\u00f6\u00dfer sein, beispielsweise f\u00fcr den Test eines Weitwinkel-Objektives, so kann man auch zwei der mehr identische Testcharts nebeneinander aufh\u00e4ngen.<\/p>\n<p><strong>Der Versuchsaufbau:<\/strong><\/p>\n<p>Das Testchart habe ich mit Tesafilm straff auf eine billige beschichtete MDF-Platte aus dem Baumarkt montiert und alles zusammen an eine Wand montiert. Die D2x habe ich dann auf ein Stativ gestellt und versucht f\u00fcr eine m\u00f6glichst gleichm\u00e4\u00dfige Ausleuchtung zu sorgen. Danach ging es auch schon los.<\/p>\n<p><strong>Die Testreihe:<\/strong><\/p>\n<p>Der Reihe nach habe ich dann alle mir interessant erscheinenden Objektive an die D2x montiert und mit der Zeitautomatik in der besten Qualit\u00e4tsstufe die einzelnen Blenden und Brennweiten &#8222;durchfotografiert&#8220;. Irgendwann war ich total durcheinander und wu\u00dfte nicht mehr, welches Bild mit welchem Objektiv bei welcher Blende gemacht war. Also habe ich noch einmal neu angefangen und mir notiert welches Bild (Bildnummer laut Display) mit welchem Objektiv bei welcher Blende\/Brennweite aufgenommen wurde. Sehr hilfreich ist dabei ein Kabelausl\u00f6ser, ich habe zus\u00e4tzlich noch die Spiegelvorausl\u00f6sung verwendet. Speziell bei den ganz kleinen Blendenwerten kommt ja nur noch wenig Licht auf den Chip, so dass die Kamera relativ lang belichten muss. Im Bereich von 1\/15 Sekunde und l\u00e4nger kann hier der Schlag des Spiegels so starke Vibrationen verursachen, dass das Versuchsergebnis stark verf\u00e4lscht wird.<\/p>\n<p>Sp\u00e4ter habe ich mir das Ergebnis in aller Ruhe an meinem Computer in der 1:1 Ansicht mit Nikon Capture angeschaut. Die Ergebnisse haben mich erstaunt und ich habe damals beschlossen nicht die kleinen preiswerten Nikon Objektive 18-55 und 55-200 bzw. das 18-200 einzupacken, sondern trotz aller Pein drei Zooms und einige Festbrennweiten mitzunehmen.<\/p>\n<p>Diese war meine 2009er Auswahl:<\/p>\n<ul>\n<li><strong>Tokina AT-X Pro 4\/12-24<\/strong><\/li>\n<li><strong>Nikon AF-S 2.8\/17-55<\/strong><\/li>\n<li><strong>Nikon AF-S VR 2.8\/70-200<\/strong><\/li>\n<li><strong>Nikon AF-D 2.8\/20<\/strong><\/li>\n<li>Nikon AF-D 2.8\/24<\/li>\n<li>Nikon AF-D 1.8\/50<\/li>\n<li><strong>Nikon AF-D 2.8\/60<\/strong><\/li>\n<li>Nikon AF-D 1.4\/85<\/li>\n<li>Nikon AF-S 2.8\/28-70 (F\u00fcr F100 und F5)<\/li>\n<\/ul>\n<p>Am Ende der Reise habe ich dann festgestellt, dass ich das 24er und das 50er praktisch nicht und das 1.4\/85mm gar nicht benutzt habe. Das 60er Macro auch nur sehr sporadisch. An der F100 und der F5 habe ich viele Fotos mit dem Tokina AT-X 12-24 gemacht, obwohl es eigentlich KEIN FX Objektiv ist. Aber es hat sich gezeigt, dass es zwischen 20 und 24mm Brennweite sehr gut an der F100 oder der F5 funktioniert. Daher hat es das 20er und das 24er voll ersetzt. Das 2.8\/28-70 ist ein Monster und ich w\u00fcrde es nicht wieder mitschleppen. Letztlich h\u00e4tten die oben fett markierten Objektive es also auch getan.<\/p>\n<p>Im Jahr 2010 habe ich dann statt des schweren AF-D 2.8\/60mm das kleine leichte AiS 2.8\/55mm eingepackt. Dieses Objektiv hat mir wirklich Spa\u00df gemacht und an der D2x erstaunliche Ergebnisse geliefert. Ok, es hat keinen Autofokus und keine CPU, aber braucht man das wenn man seine Bilder in aller Ruhe am Stativ gestaltet und ohnehin meist eine 3er Belichtungsreihe aufnimmt?<\/p>\n<p>Im Jahr 2011 war dann statt der F100 und der F5 &#8222;nur&#8220; noch die kleine leichte F80 im Gep\u00e4ck. Und hier diesmal das Nikon AF-S 3.5-4.5\/24-85 Zoomobjektiv. Wirklich &#8222;ernsthaft&#8220; habe ich die F80 aber nicht eingesetzt, anders als erhofft! Statt dessen gab es einfach eine Reihe eher dokumentarischer &#8222;Knipsbilder&#8220; f\u00fcr den netten Diaabend bei einem Glas Rotwein.<\/p>\n<p><strong>Res\u00fcmee:<\/strong><\/p>\n<p>Seit ich mir die M\u00fche gemacht habe meine Objektive mit einem ISO 12233 Testchart &#8222;durchzuknipsen&#8220; gibt es beim Packen des Fotorucksacks weniger Unsicherheit. Ich wei\u00df nun was die Objektive leisten und was nicht. Wichtig war aber auch die Erfahrung, dass Zooms trotz Gr\u00f6\u00dfe und Gewicht wirklich praktisch sind und in Sachen Bildqualit\u00e4t bei geeigneter Blendenwahl fast an die Qualit\u00e4t kleiner leichter Festbrennweiten heranreichen. Auch wenn es eigentlich uncool ist, ich fotografiere nun gern und ohne schlechtes Gewissen mit meinen variablen &#8222;Gummilinsen&#8220;.<\/p>\n<p>Gelernt habe ich allerdings auch, dass ein Zoom-Objektiv nur dann wirklicht gut ist, wenn der Zoombereich m\u00f6glichst klein ist. Klar ist eine 18-270mm Tamron f\u00fcr 500 Euro eine verlockende Sache, aber wenn man schon viele tauschend Euro f\u00fcr eine weite Reise ausgibt, dann w\u00fcrde ich zumindest das &#8222;Superzoom&#8220; maximal als &#8222;leichten Kompromiss&#8220; f\u00fcr lange Wanderungen einpacken.<\/p>\n<p>Dar\u00fcber hinaus habe ich gelernt, dass praktisch alle Objektive bei Blende 8 die beste Abbildungsqualit\u00e4t liefern. Lediglich lichtschwache Zoomobjektive sind teils bei Blende 11 noch ein wenig besser. Seitdem verwende ich in der Regel die Zeitautomatik bei fest eingestellter Blende 8.<\/p>\n<p><strong>Shoot Film?<\/strong><\/p>\n<p>Ich mag meine analogen Dias, sie brauchen kein Backup und ich kann sie auch in 30 Jahren noch anschauen &#8211; wenn ich dann noch lebe&#8230; Allerdings hat mir das Labor im Jahr 2009 fast alle 900 Dias verschrammt, so dass mir die Dias auch mit einer Flasche Rotwein keinen Spa\u00df machen. 2011 habe ich dann nur noch 7 Filme belichtet und sie f\u00fcr knapp 8 Euro pro St\u00fcck im Fachlabor entwickeln lassen. Diesmal sitzen fast alle Dias schief in ihren R\u00e4hmchen, so dass links immer ein heller Streifen ist. Ich denke inzwischen, dass der Niedergang der traditionellen Fotografie nicht durch die extrem guten digitalen Kameras, sondern die schlampigen Arbeiten der wenigen verbliebenen Labors beschleunigt werden wird.<\/p>\n<p><strong>Wo finde ich Beispiele:<\/strong><\/p>\n<p>Im Web findet man verschiedene Testreihen mit teilweise v\u00f6llig unterschiedlichen Objektiven <a title=\"Testreihe nach ISO 12233 \u00f6ffnen\" href=\"http:\/\/testcharts.magnumprints.com\/Nikon\/index.htm\" target=\"_blank\">wie beispielsweise hier<\/a>. Oder <a title=\"Nikon D3s Sharpness Comparison\" href=\"http:\/\/nikonrumors.com\/2011\/05\/13\/guest-post-sharpness-comparison-between-16-nikon-lenses.aspx\" target=\"_blank\">diese hier<\/a>. Ken Rockwell hat <a title=\"Ultra Wide Zoom Comparison\" href=\"http:\/\/www.kenrockwell.com\/nikon\/images1\/16-35mm\/compared.htm\" target=\"_blank\">hier<\/a> auch etwas zusammen gestellt.<\/p>\n<p><strong>Schlusswort:<\/strong><\/p>\n<p>Testcharts und Zeitungen zu knipsen ist jedoch nur ein Teil der Wahrheit! Diese Tests decken eher technische Fehler wie eine ungenaue Zentrierung eines Objektives auf. Wichtig sind auch Verzeichnung, Kontrast, Verhalten bei Gegenlicht, Staubschutz, Randabschattungen und der Filterdurchmesser. Ich empfinde es als \u00fcberaus praktisch, wenn alle Objektive ein 77er Filtergewinde haben. Da muss man nur einen Polfilter einpacken!<\/p>\n<p>Ok, dann will ich mal hoffen, dass ich Euch ein paar Tipps geben und f\u00fcr ein entspannteres Verh\u00e4ltnis zu Euren Objektiven sorgen konnte :-)<\/p>\n<p>Hier noch einige Beispiele f\u00fcr Fotos die ich mit einem wirklich perfekten Objektiv aufgenommen habe. Einfach anklicken und in Originalgr\u00f6\u00dfe anschauen.<\/p>\n<p><a href=\"http:\/\/anscharius.files.wordpress.com\/2011\/05\/dsc_7959.jpg\"><img loading=\"lazy\" decoding=\"async\" class=\"alignnone size-full wp-image-3783\" title=\"DSC_7959\" src=\"http:\/\/anscharius.files.wordpress.com\/2011\/05\/dsc_7959.jpg\" alt=\"\" width=\"590\" height=\"391\" \/><\/a><\/p>\n<div id=\"attachment_6008\" style=\"width: 600px\" class=\"wp-caption alignnone\"><a href=\"http:\/\/anscharius.files.wordpress.com\/2012\/02\/dsc_0461.jpg\"><img loading=\"lazy\" decoding=\"async\" aria-describedby=\"caption-attachment-6008\" class=\"size-full wp-image-6008\" title=\"DSC_0461\" src=\"http:\/\/anscharius.files.wordpress.com\/2012\/02\/dsc_0461.jpg\" alt=\"Mit der Nikon D2x am Mono-Lake - Nr. 1\" width=\"590\" height=\"888\" \/><\/a><p id=\"caption-attachment-6008\" class=\"wp-caption-text\">Anklicken f\u00fcr Originalgr\u00f6\u00dfe!<\/p><\/div>\n<div id=\"attachment_6007\" style=\"width: 600px\" class=\"wp-caption alignnone\"><a href=\"http:\/\/anscharius.files.wordpress.com\/2012\/02\/dsc_0437.jpg\"><img loading=\"lazy\" decoding=\"async\" aria-describedby=\"caption-attachment-6007\" class=\"size-full wp-image-6007\" title=\"DSC_0437\" src=\"http:\/\/anscharius.files.wordpress.com\/2012\/02\/dsc_0437.jpg\" alt=\"Mit der Nikon D2x am Mono-Lake - Nr. 2\" width=\"590\" height=\"888\" \/><\/a><p id=\"caption-attachment-6007\" class=\"wp-caption-text\">Anklicken f\u00fcr Originalgr\u00f6\u00dfe!<\/p><\/div>\n<div id=\"attachment_6004\" style=\"width: 600px\" class=\"wp-caption alignnone\"><a href=\"http:\/\/anscharius.files.wordpress.com\/2012\/02\/dsc_3802.jpg\"><img loading=\"lazy\" decoding=\"async\" aria-describedby=\"caption-attachment-6004\" class=\"size-full wp-image-6004\" title=\"DSC_3802\" src=\"http:\/\/anscharius.files.wordpress.com\/2012\/02\/dsc_3802.jpg\" alt=\"Mit der Nikon D300 am Mono-Lake - Nr. 1\" width=\"590\" height=\"338\" \/><\/a><p id=\"caption-attachment-6004\" class=\"wp-caption-text\">Anklicken f\u00fcr Originalgr\u00f6\u00dfe!<\/p><\/div>\n","protected":false},"excerpt":{"rendered":"<p>Welcher ambitionierte Fotograf kennt sie nicht, die ewige Suche nach dem besten aller Objektive? Ganz ehrlich, hast Du nicht auch schon Fotos in der 1:1 Ansicht angeschaut, in alle Ecken gescrollt und nach Farbs\u00e4umen als Resultat der chromatischen Aberration gesucht? Mir geht es nicht anders und so hat sich im Laufe der Jahre ein kleiner [&hellip;]<\/p>\n","protected":false},"author":2,"featured_media":0,"parent":1828,"menu_order":0,"comment_status":"open","ping_status":"closed","template":"","meta":{"jetpack_post_was_ever_published":false,"footnotes":""},"class_list":["post-3762","page","type-page","status-publish","hentry"],"jetpack_shortlink":"https:\/\/wp.me\/P2px01-YG","jetpack_sharing_enabled":true,"_links":{"self":[{"href":"https:\/\/www.nikonhumors.com\/index.php?rest_route=\/wp\/v2\/pages\/3762","targetHints":{"allow":["GET"]}}],"collection":[{"href":"https:\/\/www.nikonhumors.com\/index.php?rest_route=\/wp\/v2\/pages"}],"about":[{"href":"https:\/\/www.nikonhumors.com\/index.php?rest_route=\/wp\/v2\/types\/page"}],"author":[{"embeddable":true,"href":"https:\/\/www.nikonhumors.com\/index.php?rest_route=\/wp\/v2\/users\/2"}],"replies":[{"embeddable":true,"href":"https:\/\/www.nikonhumors.com\/index.php?rest_route=%2Fwp%2Fv2%2Fcomments&post=3762"}],"version-history":[{"count":0,"href":"https:\/\/www.nikonhumors.com\/index.php?rest_route=\/wp\/v2\/pages\/3762\/revisions"}],"up":[{"embeddable":true,"href":"https:\/\/www.nikonhumors.com\/index.php?rest_route=\/wp\/v2\/pages\/1828"}],"wp:attachment":[{"href":"https:\/\/www.nikonhumors.com\/index.php?rest_route=%2Fwp%2Fv2%2Fmedia&parent=3762"}],"curies":[{"name":"wp","href":"https:\/\/api.w.org\/{rel}","templated":true}]}}