{"id":2172,"date":"2011-02-11T11:06:47","date_gmt":"2011-02-11T10:06:47","guid":{"rendered":"http:\/\/anscharius.wordpress.com\/?page_id=2172"},"modified":"2011-02-11T11:06:47","modified_gmt":"2011-02-11T10:06:47","slug":"rolleiflex-3-5f","status":"publish","type":"page","link":"https:\/\/www.nikonhumors.com\/?page_id=2172","title":{"rendered":"Rolleiflex 3.5F"},"content":{"rendered":"<p>Kurzes Vorwort: Alle Bilder k\u00f6nnen durch Anklicken in 1000 Pixel Breite oder H\u00f6he angezeigt werden&#8230;<\/p>\n<p>Im Sommer 2006 steht beim\u00a0<a title=\"Einfach klicken um die Webseite www.cityfotobonn.de zu \u00f6ffnen\" href=\"http:\/\/www.cityfotobonn.de\" target=\"_blank\">H\u00e4ndler meines Vertrauens<\/a> eine sch\u00f6ne alte zwei\u00e4ugige Rolleiflex im Schaufenster. Sie sieht aus wie neu und hat ein hervorragendes Zeiss-Objektiv. Das Baujahr ist etwa 1960 &#8211; sie ist also deutlich \u00e4lter als ich selbst. Herr Severin\u00a0fackelt nicht lange herum, er schenkt mir einen Testfilm, dr\u00fcckt mir die Kamera in die Hand und w\u00fcnscht mir viel Spa\u00df mit meinem ersten Testfilm. Ich drehe eine kleine Runde durch die Stadt und bin begeistert von diesem vollmechanischen schrulligen Meisterwerk.<\/p>\n<p><a href=\"http:\/\/anscharius.files.wordpress.com\/2011\/02\/5255977.jpg\"><img loading=\"lazy\" decoding=\"async\" class=\"alignnone size-full wp-image-2183\" title=\"Mein Dealer mit Nikon F2 auf AGFA Vista Color 200\" src=\"http:\/\/anscharius.files.wordpress.com\/2011\/02\/5255977.jpg\" alt=\"\" width=\"590\" height=\"382\" \/><\/a><\/p>\n<p>F\u00fcr 600 Euro wechselt das sch\u00f6ne St\u00fcck ein wenig sp\u00e4ter den Besitzer!<\/p>\n<p><a href=\"http:\/\/anscharius.files.wordpress.com\/2011\/02\/6792520.jpg\"><img loading=\"lazy\" decoding=\"async\" class=\"alignnone size-full wp-image-2182\" title=\"Meine Rolleiflex\" src=\"http:\/\/anscharius.files.wordpress.com\/2011\/02\/6792520.jpg\" alt=\"\" width=\"590\" height=\"874\" \/><\/a><\/p>\n<p>Das erste Testbild auf Fuji Provia 100.<\/p>\n<p><a href=\"http:\/\/anscharius.files.wordpress.com\/2011\/02\/7032425.jpg\"><img loading=\"lazy\" decoding=\"async\" class=\"alignnone size-full wp-image-2184\" title=\"Am Bonner Stadthaus\" src=\"http:\/\/anscharius.files.wordpress.com\/2011\/02\/7032425.jpg\" alt=\"\" width=\"590\" height=\"588\" \/><\/a><\/p>\n<p>Die n\u00e4chsten Wochen bin ich im 6&#215;6 Fieber. Ein Scanner muss her! Ich entscheide mich f\u00fcr einen EPSON Perfection Photo V700. Zu kaufen gibt es ihn nirgendwo, aber ein \u00f6rtlicher H\u00e4ndler kann ihn mir bestellen. Er kostet 649,- Euro und steht drei Tage sp\u00e4ter auf meinem Schreibtisch. Nach langen N\u00e4chten in diversen Foren wird mir klar, die Scanqualit\u00e4t h\u00e4ngt massiv von einem pr\u00e4zisen Vorlagenhalter ab. Die H\u00f6he ist entscheidend! Eigentlich hatte ich immer gedacht, dass ich die Dias einfach auf das Glas legen kann, weit gefehlt! Es geht hier um winzige Distanzen. Ein zehntel Millimeter mehr oder wenig entscheidet ob das Bild scharf gescannt wird oder nicht. Wichtig ist auch wie herum man das Dia einspannt. Nach einigen Testscans setze ich die Dias stets so in den Vorlagenhalter, dass die Filmemulsion nach unten weist.<\/p>\n<p>Im Winter geht es dann auf die Kanaren, meine liebste Insel ist das Ziel &#8211; Teneriffa!<\/p>\n<p>Die alte Rolleiflex erweist sich als echter Kontaktverst\u00e4rker. Wo ich auch gehe und stehe werde ich von \u00e4lteren Herren angesprochen die solch eine Kamera noch aus ihrer Kindheit kennen. Die Gespr\u00e4che sind oft wirklich witzig. Daheim bin ich begeistert von den Farben des Fuji Velvia 50. Lange N\u00e4chte am Scanner mit unterschiedlichen Scan-Programmen folgen.<\/p>\n<p>Irgendwann 2010 f\u00e4llt mir auf, dass der Synchro-Compour Verschluss verharzt ist. Aber Herr Severin kennt einen fr\u00fcheren Rollei-Mitarbeiter. F\u00fcr nur 90 Euro kann das Problem behoben werden.<\/p>\n<p>Hier nun ein paar Beispielbilder aus \u00fcber 50 Jahren &#8222;Fotogeschichte&#8220;.<\/p>\n<p><a href=\"http:\/\/anscharius.files.wordpress.com\/2011\/02\/6978380.jpg\"><img loading=\"lazy\" decoding=\"async\" class=\"alignnone size-full wp-image-2175\" title=\"Am Punta de Teno\" src=\"http:\/\/anscharius.files.wordpress.com\/2011\/02\/6978380.jpg\" alt=\"Der Ansgar am Punta de Teno mit Gossen Lunasix und Rolleiflex 3.5F\" width=\"590\" height=\"457\" \/><\/a><\/p>\n<p>Das sind wir Zwei &#8211; eigentlich sind wir zu dritt &#8211; ein Gossen Lunasix ist auch noch dabei&#8230;<\/p>\n<p><a href=\"http:\/\/anscharius.files.wordpress.com\/2011\/02\/6978320.jpg\"><img loading=\"lazy\" decoding=\"async\" class=\"alignnone size-full wp-image-2174\" title=\"Das Kaichen\" src=\"http:\/\/anscharius.files.wordpress.com\/2011\/02\/6978320.jpg\" alt=\"\" width=\"590\" height=\"589\" \/><\/a><\/p>\n<p><a href=\"http:\/\/anscharius.files.wordpress.com\/2011\/02\/6978460.jpg\"><img loading=\"lazy\" decoding=\"async\" class=\"alignnone size-full wp-image-2176\" title=\"Am Strand von Taganana\" src=\"http:\/\/anscharius.files.wordpress.com\/2011\/02\/6978460.jpg\" alt=\"\" width=\"590\" height=\"576\" \/><\/a><\/p>\n<p>Der Botanische Garten in Puerto de La Cruz hat es mir angetan. Schade, dass bei den verheerenden letzten St\u00fcrmen viele seltene alte B\u00e4ume abgebrochen sind.<a href=\"http:\/\/anscharius.files.wordpress.com\/2011\/02\/6989822.jpg\"><img loading=\"lazy\" decoding=\"async\" class=\"alignnone size-full wp-image-2177\" title=\"Auch im Botanischen Garten\" src=\"http:\/\/anscharius.files.wordpress.com\/2011\/02\/6989822.jpg\" alt=\"\" width=\"590\" height=\"596\" \/><\/a><\/p>\n<p>Die Scans machen auch in Schwarz-Weiss eine gute Figur.<\/p>\n<p><a href=\"http:\/\/anscharius.files.wordpress.com\/2011\/02\/19501703.jpg\"><img loading=\"lazy\" decoding=\"async\" class=\"alignnone size-full wp-image-2180\" title=\"Teneriffa im Schwarz-Weiss\" src=\"http:\/\/anscharius.files.wordpress.com\/2011\/02\/19501703.jpg\" alt=\"\" width=\"590\" height=\"352\" \/><\/a><\/p>\n<p>Das gro\u00dfe Format der Rollei braucht lange Brennweiten. Mein NOKIA N95 hat ein 5mm Objektiv, die Rollei bei \u00e4hnlichem Blickwinkel 75mm. Bei 5mm Brennweite ist die Tiefensch\u00e4rfe so enorm gro\u00df, dass eigentlich immer alles scharf ist. Perfekt f\u00fcr das schnelle Knipsbild aus dem Handgelenk, schlecht f\u00fcr Jene die ihre Bilder komponieren m\u00f6chten und partielle Sch\u00e4rfe suchen um Teile eines Bildes zu betonen. Die Hintergrundunsch\u00e4rfe (<a title=\"Hier geht es weiter zur Wikipedia\" href=\"http:\/\/de.wikipedia.org\/wiki\/Bokeh\" target=\"_blank\">Bokeh<\/a>) der Rollei ist gro\u00dfartig!<\/p>\n<p><a href=\"http:\/\/anscharius.files.wordpress.com\/2011\/02\/10868080.jpg\"><img loading=\"lazy\" decoding=\"async\" class=\"alignnone size-full wp-image-2179\" title=\"Im Botanischen Garten\" src=\"http:\/\/anscharius.files.wordpress.com\/2011\/02\/10868080.jpg\" alt=\"Bokeh-Testbild\" width=\"590\" height=\"576\" \/><\/a><\/p>\n<p>Die &#8222;Magie der Wasserf\u00e4lle&#8220; zieht viele Fotografen ihn ihren Bann. Fotografiert man mit einer modernen digitalen Spiegelreflex hat der Chip meist eine Empfindlichkeit von ISO-200. Um wirklich lange Belichtungszeiten realisieren zu k\u00f6nnen braucht man deshalb meist einen neutralen Graufilter der einfach ganz viel Licht schluckt. Aber der macht das Sucherbild auch dunkel und erschwert das exakte Fokussieren. Daher hei\u00dft es dann oft, Filter ab, scharf stellen, Autofokus aus, Filter drauf, ausl\u00f6sen, Filter ab usw. Sehr l\u00e4stig.<\/p>\n<p>Bei der Rollei kann man einen Fuji Velvia 50 einlegen und hat schon einen &#8222;unsichtbaren Graufilter&#8220; \u00a0&#8211; viermal so lang kann man damit belichten, hat ein helles Sucherbild und kann sich auf das konzentrieren was Spa\u00df macht.<\/p>\n<p><a href=\"http:\/\/anscharius.files.wordpress.com\/2011\/02\/8261033.jpg\"><img loading=\"lazy\" decoding=\"async\" class=\"alignnone size-full wp-image-2186\" title=\"Eingebauter Graufilter\" src=\"http:\/\/anscharius.files.wordpress.com\/2011\/02\/8261033.jpg\" alt=\"\" width=\"590\" height=\"595\" \/><\/a><\/p>\n<p>Auch gescannte Fotos k\u00f6nnen beliebig nachbearbeitet werden. Hier ein Beispiel f\u00fcr ein Bild auf das ich mal ein &#8222;Pfund Tonemapping&#8220; gegossen habe.<\/p>\n<p><a href=\"http:\/\/anscharius.files.wordpress.com\/2011\/02\/7235328.jpg\"><img loading=\"lazy\" decoding=\"async\" class=\"alignnone size-full wp-image-2187\" title=\"Scan mit Tonemapping\" src=\"http:\/\/anscharius.files.wordpress.com\/2011\/02\/7235328.jpg\" alt=\"\" width=\"590\" height=\"601\" \/><\/a><\/p>\n<p>Man muss es nicht m\u00f6gen &#8211; ist ja auch nur ein Beispiel. :-)<\/p>\n<p>Allerkrassestes Schwarz-Wei\u00df ich auch kein Problem&#8230;<\/p>\n<p><a href=\"http:\/\/anscharius.files.wordpress.com\/2011\/02\/19501730.jpg\"><img loading=\"lazy\" decoding=\"async\" class=\"alignnone size-full wp-image-2188\" title=\"Krassifiziertes Farbfoto\" src=\"http:\/\/anscharius.files.wordpress.com\/2011\/02\/19501730.jpg\" alt=\"\" width=\"590\" height=\"572\" \/><\/a><\/p>\n<p>Zum Abschluss noch ein locker aus der H\u00fcfte geschossenes Knipsbild. Dadurch, dass man die Rollei l\u00e4ssig vor dem dicken Bauch h\u00e4ngen lassen kann gibt es beim Fotografieren auch viel Ruhe. Diese Kamera kennt keinen Spiegelschlag und braucht keine Spiegelvorausl\u00f6sung. Steht man ruhig, so\u00a0sind Belichtungszeiten von 1\/15s m\u00f6glich. Auch unbemerktes Fotografieren funktioniert sehr gut. Man kann alle Kontrollelemente sehr gut von oben ablesen. Da die Kamera beim Ausl\u00f6sen fast keine Ger\u00e4usche macht, f\u00e4llt es auch nicht auf wenn man den ein oder anderen &#8222;intimen Schuss&#8220; landet. Manchmal ist das wirklich praktisch.<\/p>\n<p><a href=\"http:\/\/anscharius.files.wordpress.com\/2011\/02\/10869677.jpg\"><img loading=\"lazy\" decoding=\"async\" class=\"alignnone size-full wp-image-2189\" title=\"Unbemerktes Fotografieren\" src=\"http:\/\/anscharius.files.wordpress.com\/2011\/02\/10869677.jpg\" alt=\"\" width=\"590\" height=\"590\" \/><\/a><\/p>\n<p>Zuletzt noch der Hinweis, dass man aufgrund der Haltung der Kamera eigentlich immer \u00a0mit den &#8222;Augen eines Kindes&#8220; fotografiert. Der zumeist niedrige Standpunkt gibt den Fotos einen besonderen Look. Um den gleichen Eindruck zu erhalten, gehe ich mit einer &#8222;normalen&#8220; Kamera meist kr\u00e4ftig in die Knie und versaue mir eine Hose nach der anderen.<\/p>\n<p>Eine Rollei spart also auch die Kosten f\u00fcr die Reinigung :-)<\/p>\n","protected":false},"excerpt":{"rendered":"<p>Kurzes Vorwort: Alle Bilder k\u00f6nnen durch Anklicken in 1000 Pixel Breite oder H\u00f6he angezeigt werden&#8230; Im Sommer 2006 steht beim\u00a0H\u00e4ndler meines Vertrauens eine sch\u00f6ne alte zwei\u00e4ugige Rolleiflex im Schaufenster. Sie sieht aus wie neu und hat ein hervorragendes Zeiss-Objektiv. Das Baujahr ist etwa 1960 &#8211; sie ist also deutlich \u00e4lter als ich selbst. Herr Severin\u00a0fackelt [&hellip;]<\/p>\n","protected":false},"author":2,"featured_media":0,"parent":1828,"menu_order":0,"comment_status":"open","ping_status":"open","template":"","meta":{"jetpack_post_was_ever_published":false,"footnotes":""},"class_list":["post-2172","page","type-page","status-publish","hentry"],"jetpack_shortlink":"https:\/\/wp.me\/P2px01-z2","jetpack_sharing_enabled":true,"_links":{"self":[{"href":"https:\/\/www.nikonhumors.com\/index.php?rest_route=\/wp\/v2\/pages\/2172","targetHints":{"allow":["GET"]}}],"collection":[{"href":"https:\/\/www.nikonhumors.com\/index.php?rest_route=\/wp\/v2\/pages"}],"about":[{"href":"https:\/\/www.nikonhumors.com\/index.php?rest_route=\/wp\/v2\/types\/page"}],"author":[{"embeddable":true,"href":"https:\/\/www.nikonhumors.com\/index.php?rest_route=\/wp\/v2\/users\/2"}],"replies":[{"embeddable":true,"href":"https:\/\/www.nikonhumors.com\/index.php?rest_route=%2Fwp%2Fv2%2Fcomments&post=2172"}],"version-history":[{"count":0,"href":"https:\/\/www.nikonhumors.com\/index.php?rest_route=\/wp\/v2\/pages\/2172\/revisions"}],"up":[{"embeddable":true,"href":"https:\/\/www.nikonhumors.com\/index.php?rest_route=\/wp\/v2\/pages\/1828"}],"wp:attachment":[{"href":"https:\/\/www.nikonhumors.com\/index.php?rest_route=%2Fwp%2Fv2%2Fmedia&parent=2172"}],"curies":[{"name":"wp","href":"https:\/\/api.w.org\/{rel}","templated":true}]}}